{"id":642,"date":"2015-11-24T05:41:19","date_gmt":"2015-11-24T05:41:19","guid":{"rendered":"http:\/\/logistics.stylemixthemes.com\/demo\/?page_id=642"},"modified":"2023-10-27T08:40:12","modified_gmt":"2023-10-27T08:40:12","slug":"empresas-do-grupo","status":"publish","type":"page","link":"https:\/\/www.torrestir.com\/madeira\/empresas-do-grupo\/","title":{"rendered":"Empresas Torrestir"},"content":{"rendered":"<section class=\"wpb-content-wrapper\"><p>[vc_row][vc_column width=&#8221;1\/2&#8243;][vc_column_text css=&#8221;.vc_custom_1666624811467{margin-bottom: 40px !important;}&#8221;]<\/p>\n<h2>V\u00e1rios parceiros comerciais da torrestir ao seu dispor<\/h2>\n<p>[\/vc_column_text][vc_column_text]Fundada em 1962, a Torrestir sofreu diversas reestrutura\u00e7\u00f5es para uma constante adequa\u00e7\u00e3o \u00e0s exig\u00eancias do mercado, operando, hoje, em todo o mundo.<\/p>\n<p>Atrav\u00e9s de recursos humanos especializados, a Torrestir tem vindo a consolidar a sua lideran\u00e7a no mercado nacional, promovendo um futuro em constante inova\u00e7\u00e3o.[\/vc_column_text][\/vc_column][vc_column width=&#8221;1\/2&#8243;][vc_single_image image=&#8221;1734&#8243; img_size=&#8221;full&#8221;][\/vc_column][\/vc_row][vc_row][vc_column][vc_empty_space height=&#8221;62px&#8221;][\/vc_column][\/vc_row][vc_row full_width=&#8221;stretch_row&#8221; el_class=&#8221;secondary_bg_color&#8221; css=&#8221;.vc_custom_1560938043631{padding-top: 25px !important;padding-bottom: 60px !important;}&#8221;][vc_column][vc_column_text css=&#8221;.vc_custom_1598526673838{padding-left: 20px !important;}&#8221;]<\/p>\n<h2><span style=\"color: #fdbe30;\">Conhe\u00e7a algumas das empresas parceiras<\/span><\/h2>\n<p>[\/vc_column_text][\/vc_column][\/vc_row][vc_row][vc_column][vc_empty_space height=&#8221;62px&#8221;][\/vc_column][\/vc_row][vc_row css=&#8221;.vc_custom_1449137019491{margin-bottom: 40px !important;}&#8221;][vc_column width=&#8221;1\/2&#8243;][vc_column_text css=&#8221;.vc_custom_1553174838152{margin-bottom: 30px !important;}&#8221;]<\/p>\n<h3>Torrestir Log\u00edstica<\/h3>\n<p>Criada em 2001, atrav\u00e9s da Torrestir Log\u00edstica disponibilizamos mais de 30.000 m2 de espa\u00e7o para armazenagem e capacidade de stocks superior a 37.000 paletes, com plataformas espalhadas pelo pa\u00eds. Com servi\u00e7os integrados de gest\u00e3o das cadeias de abastecimento, oferecemos solu\u00e7\u00f5es desenhadas de acordo com as necessidades de cada cliente.[\/vc_column_text][\/vc_column][vc_column width=&#8221;1\/2&#8243;][vc_single_image image=&#8221;1743&#8243; img_size=&#8221;full&#8221; alignment=&#8221;right&#8221;][\/vc_column][\/vc_row][vc_row css=&#8221;.vc_custom_1449137019491{margin-bottom: 40px !important;}&#8221;][vc_column width=&#8221;1\/2&#8243; el_class=&#8221;empimg1&#8243;][vc_single_image image=&#8221;1750&#8243; img_size=&#8221;full&#8221; alignment=&#8221;right&#8221;][\/vc_column][vc_column width=&#8221;1\/2&#8243; el_class=&#8221;emptxt1&#8243;][vc_column_text css=&#8221;.vc_custom_1553181336905{margin-bottom: 30px !important;}&#8221;]<\/p>\n<h3>Contentorres<\/h3>\n<p>Atrav\u00e9s da Contentorres disponibilizamos servi\u00e7os de transporte de contentores, bem como servi\u00e7os de valor acrescentado, que exigem recursos humanos especializados e tecnologia moderna: servi\u00e7o de b\u00e1scula para carga a granel; mercadorias com excesso de medidas e peso; at\u00e9 2 contentores de 20 p\u00e9s com carga at\u00e9 60t de peso bruto; servi\u00e7o ADR; contentores com controlo de temperatura atrav\u00e9s de 40 geradores \u201cclip on\u201d e capacidade para ligar mais de 50 contentores, nos parques de Matosinhos e Lisboa.[\/vc_column_text][\/vc_column][\/vc_row][vc_row css=&#8221;.vc_custom_1449137019491{margin-bottom: 40px !important;}&#8221;][vc_column width=&#8221;1\/2&#8243;][vc_column_text css=&#8221;.vc_custom_1553182411659{margin-bottom: 30px !important;}&#8221;]<\/p>\n<h3>Torrestir Transit\u00e1rios<\/h3>\n<p>Atrav\u00e9s da Torrestir Transit\u00e1rios, fornecemos servi\u00e7os integrados de transporte mar\u00edtimo com parceiros em todo o mundo, criando as melhores solu\u00e7\u00f5es do setor. Enquanto\u00a0agente IATA e membro da World Cargo Alliance, fazemos parte de uma rede com mais de 6000 membros, em 814 cidades de 190 pa\u00edses, com sa\u00eddas di\u00e1rias para todo o mundo. Somos especialistas em tr\u00e2mites aduaneiros, executando as formalidades alfandeg\u00e1rias.[\/vc_column_text][\/vc_column][vc_column width=&#8221;1\/2&#8243;][vc_single_image image=&#8221;1756&#8243; img_size=&#8221;full&#8221; alignment=&#8221;right&#8221;][\/vc_column][\/vc_row][vc_row css=&#8221;.vc_custom_1449137019491{margin-bottom: 40px !important;}&#8221;][vc_column width=&#8221;1\/2&#8243;][vc_single_image image=&#8221;1754&#8243; img_size=&#8221;full&#8221; alignment=&#8221;right&#8221;][\/vc_column][vc_column width=&#8221;1\/2&#8243;][vc_column_text css=&#8221;.vc_custom_1553182036998{margin-bottom: 30px !important;}&#8221;]<\/p>\n<h3>Frigotir<\/h3>\n<p>Com a Frigotir disponibilizamos a organiza\u00e7\u00e3o do transporte de mercadorias de acordo com as necessidades do cliente e a especificidade do produto, apoiando o setor alimentar e promovendo um transporte di\u00e1rio de grupagem para todo o pa\u00eds, com monitoriza\u00e7\u00e3o online do controlo de temperatura ao longo do percurso.[\/vc_column_text][\/vc_column][\/vc_row][vc_row css=&#8221;.vc_custom_1449137019491{margin-bottom: 40px !important;}&#8221;][vc_column width=&#8221;1\/2&#8243;][vc_column_text css=&#8221;.vc_custom_1562666194294{margin-bottom: 30px !important;}&#8221;]<\/p>\n<h3>Torresaduana<\/h3>\n<p>A Torresaduana conta com um departamento especializado em tr\u00e2mites aduaneiros, garantindo que todas as formalidades alfandeg\u00e1rias para embarques de entrada e sa\u00edda sejam tratadas de forma \u00e1gil, eficaz e competente. A nossa equipa multidisciplinar permite-nos atuar nas v\u00e1rias fases do desalfandegamento, com solu\u00e7\u00f5es \u00e0 medida de cada tipo de carga. Oferecemos-lhe solu\u00e7\u00f5es desenhadas \u00e0 medida do seu neg\u00f3cio, garantindo uma redu\u00e7\u00e3o do tempo de perman\u00eancia da carga na alf\u00e2ndega e respetivos custos.[\/vc_column_text][\/vc_column][vc_column width=&#8221;1\/2&#8243;][vc_single_image image=&#8221;2947&#8243; img_size=&#8221;full&#8221; alignment=&#8221;right&#8221;][\/vc_column][\/vc_row][vc_row css=&#8221;.vc_custom_1449137019491{margin-bottom: 40px !important;}&#8221;][vc_column width=&#8221;1\/2&#8243;][vc_single_image image=&#8221;2935&#8243; img_size=&#8221;full&#8221; alignment=&#8221;right&#8221;][\/vc_column][vc_column width=&#8221;1\/2&#8243;][vc_column_text css=&#8221;.vc_custom_1575394146660{margin-bottom: 30px !important;}&#8221;]<\/p>\n<h3>Torrestir Espanha<\/h3>\n<p>Fundada em 2001, a Torrestir Espanha presta um servi\u00e7o de distribui\u00e7\u00e3o porta-a-porta, com recolha e entrega em 24 a 48 horas em toda Espanha e Portugal. Com linhas diretas a partir de Corunha, Madrid, Vigo, Barcelona, Val\u00eancia e M\u00farcia, permite \u00e0 Torrestir Espanha prestar um servi\u00e7o flex\u00edvel e eficaz.[\/vc_column_text][\/vc_column][\/vc_row][vc_row css=&#8221;.vc_custom_1449137019491{margin-bottom: 40px !important;}&#8221;][vc_column width=&#8221;1\/2&#8243;][vc_column_text css=&#8221;.vc_custom_1562665827757{margin-bottom: 30px !important;}&#8221;]<\/p>\n<h3>Torrestir Deutschland<\/h3>\n<p>Com sede em Hanau, a Torrestir Alemanha foi fundada em 2000, pela necessidade de apoiar as Empresas Portuguesas, que exportam para este mercado. Atualmente, a Torrestir Alemanha desenvolve parcerias especializadas na \u00e1rea da log\u00edstica, transporte internacional e distribui\u00e7\u00e3o. Disponibiliza distribui\u00e7\u00e3o porta-a-porta em todo o territ\u00f3rio Alem\u00e3o, linhas di\u00e1rias entre Portugal e Alemanha e solu\u00e7\u00f5es de log\u00edstica integrada.[\/vc_column_text][\/vc_column][vc_column width=&#8221;1\/2&#8243;][vc_single_image image=&#8221;2950&#8243; img_size=&#8221;full&#8221; alignment=&#8221;right&#8221;][\/vc_column][\/vc_row][vc_row full_width=&#8221;stretch_row&#8221; css=&#8221;.vc_custom_1574249676990{margin-bottom: 0px !important;}&#8221; el_class=&#8221;botlogocarmed&#8221;][vc_column css=&#8221;.vc_custom_1678121843378{padding-top: 30px !important;padding-bottom: 30px !important;}&#8221;][vc_empty_space height=&#8221;10px&#8221;][vc_separator style=&#8221;shadow&#8221;][vc_column_text]<style id=\"sp_lcp_dynamic_css7458\">div#logo-carousel-free-7458.logo-carousel-free .sp-lc-logo{border: 1px none #dddddd;border-radius: 0px;overflow: hidden;}div#logo-carousel-free-7458.logo-carousel-free .sp-lc-logo:hover{border-color: #16a08b;}@media only screen and (max-width: 576px) {#logo-carousel-free-7458.sp-lc-container .sp-lc-button-prev,#logo-carousel-free-7458.sp-lc-container .sp-lc-button-next {display: none;}#logo-carousel-free-7458.sp-lc-container .sp-lc-pagination .swiper-pagination-bullet {display: none;}} .logo-carousel-free-area#logo-carousel-free-7458{position: relative;}#lcp-preloader-7458{position: absolute;left: 0;top: 0;height: 100%;width: 100%;text-align: center;display: flex;align-items: center;justify-content: center;background: #fff;z-index: 9999;} .logo-carousel-free-area#logo-carousel-free-7458 .sp-logo-carousel-section-title{margin-bottom: 30px;}#logo-carousel-free-7458 .sp-lc-grid-container { justify-content: left; align-items: center; } #logo-carousel-free-7458 .swiper-wrapper .swiper-slide { align-self: center; }#logo-carousel-free-7458 .sp-lc-grid-container {margin-left: -17.5px;margin-right: -17.5px;width: calc( 100% + 35px);}#logo-carousel-free-7458 .sp-lc-grid-container [class*=\"lc-col\"] {padding-left: 17.5px;padding-right: 17.5px;padding-bottom: 12px;}@media screen and (min-width: 1200px ){.logo-carousel-free-area#logo-carousel-free-7458 .sp-logo-carousel:not([class*=\"-initialized\"]) > .swiper-wrapper {display: flex;width: calc( 100% + 35px );}.logo-carousel-free-area#logo-carousel-free-7458 .sp-logo-carousel:not([class*=\"-initialized\"]) > .swiper-wrapper > .swiper-slide {width: 16.666666666667%;padding-right: 35px;}}<\/style>\n<div id='logo-carousel-free-7458' class=\"logo-carousel-free logo-carousel-free-area sp-lc-container\">\n\t\t\t<div id=\"lcp-preloader-7458\" class=\"sp-logo-carousel-preloader\"><img src=\"https:\/\/www.torrestir.com\/madeira\/wp-content\/plugins\/logo-carousel-free\/admin\/assets\/images\/spinner.svg\" class=\"skip-lazy\" alt=\"Loader Image\"\/><\/div>\n\t\t\t<div id=\"sp-logo-carousel-id-7458\" class=\"swiper-container sp-logo-carousel  lcp-preloader\" dir=\"ltr\" data-carousel='{ \"speed\":600,\"spaceBetween\": 35, \"autoplay\": true, \"infinite\":true, \"autoplay_speed\": 2000, \"stop_onHover\": true, \"pagination\": false, \"navigation\": false, \"MobileNav\": false, \"MobilePagi\": false, \"simulateTouch\": true,\"freeMode\": true,\"swipeToSlide\": false, \"carousel_accessibility\": true,\"adaptiveHeight\": false,\"allowTouchMove\": true, \"slidesPerView\": { \"lg_desktop\": 6, \"desktop\": 5, \"tablet\": 3, \"mobile\": 2, \"mobile_landscape\": 4 } }' data-carousel-starts-onscreen=\"false\">\n\t\t<div class=\"swiper-wrapper\">\n\t\t\t\t<div class=\"swiper-slide\"><div class=\"sp-lc-logo\"><img src=\"https:\/\/www.torrestir.com\/madeira\/wp-content\/uploads\/sites\/4\/2023\/03\/SGS_ISO_9001_PT_round_TCL_H-1-e1678989370159.jpg\" title=\"Presta\u00e7\u00e3o de Servi\u00e7os Transit\u00e1rio Nacionais e Internacionais, por via A\u00e9rea, Mar\u00edtima e Terrestre\" alt=\"Presta\u00e7\u00e3o de Servi\u00e7os Transit\u00e1rio Nacionais e Internacionais, por via A\u00e9rea, Mar\u00edtima e Terrestre\" width=\"80\" height=\"78\" class=\"sp-lc-image\"><\/div><\/div>\n\t\t<div class=\"swiper-slide\"><div class=\"sp-lc-logo\"><img src=\"https:\/\/www.torrestir.com\/madeira\/wp-content\/uploads\/sites\/4\/2019\/10\/antram.png\" title=\"Certificado Antram\" alt=\"Certificado Antram\" width=\"119\" height=\"52\" class=\"sp-lc-image\"><\/div><\/div>\n\t\t<div class=\"swiper-slide\"><div class=\"sp-lc-logo\"><img src=\"https:\/\/www.torrestir.com\/madeira\/wp-content\/uploads\/sites\/4\/2019\/10\/iata.png\" title=\"Certificado Iata\" alt=\"Certificado Iata\" width=\"119\" height=\"52\" class=\"sp-lc-image\"><\/div><\/div>\n\t\t<div class=\"swiper-slide\"><div class=\"sp-lc-logo\"><img src=\"https:\/\/www.torrestir.com\/madeira\/wp-content\/uploads\/sites\/4\/2019\/10\/fiata.png\" title=\"Certificado Fiata\" alt=\"Certificado Fiata\" width=\"119\" height=\"52\" class=\"sp-lc-image\"><\/div><\/div>\n\t\t<div class=\"swiper-slide\"><div class=\"sp-lc-logo\"><img src=\"https:\/\/www.torrestir.com\/madeira\/wp-content\/uploads\/sites\/4\/2019\/10\/wcalliance.png\" title=\"Certificado World Cargo Alliance\" alt=\"Certificado World Cargo Alliance\" width=\"119\" height=\"52\" class=\"sp-lc-image\"><\/div><\/div>\n\t\t<div class=\"swiper-slide\"><div class=\"sp-lc-logo\"><img src=\"https:\/\/www.torrestir.com\/madeira\/wp-content\/uploads\/sites\/4\/2019\/10\/ifa.png\" title=\"Certificado Ifa\" alt=\"Certificado Ifa\" width=\"119\" height=\"52\" class=\"sp-lc-image\"><\/div><\/div>\n\t\t<div class=\"swiper-slide\"><div class=\"sp-lc-logo\"><img src=\"https:\/\/www.torrestir.com\/madeira\/wp-content\/uploads\/sites\/4\/2019\/10\/wca.png\" title=\"Certificado Wca\" alt=\"Certificado Wca\" width=\"119\" height=\"52\" class=\"sp-lc-image\"><\/div><\/div>\n\t\t\t<\/div>\n\n\t\t\t<\/div>\n<\/div>\n[\/vc_column_text][\/vc_column][\/vc_row]<\/p>\n<\/section>","protected":false},"excerpt":{"rendered":"<p>[vc_row][vc_column width=&#8221;1\/2&#8243;][vc_column_text css=&#8221;.vc_custom_1666624811467{margin-bottom: 40px !important;}&#8221;] V\u00e1rios parceiros comerciais da torrestir ao seu dispor [\/vc_column_text][vc_column_text]Fundada em 1962, a Torrestir sofreu diversas reestrutura\u00e7\u00f5es para uma constante adequa\u00e7\u00e3o \u00e0s exig\u00eancias do mercado, operando, hoje, em todo&#8230;<\/p>\n","protected":false},"author":1,"featured_media":0,"parent":0,"menu_order":0,"comment_status":"closed","ping_status":"closed","template":"","meta":{"_uag_custom_page_level_css":""},"yoast_head":"<!-- This site is optimized with the Yoast SEO plugin v21.1 - https:\/\/yoast.com\/wordpress\/plugins\/seo\/ -->\n<title>Empresas Torrestir - Torrestir Madeira<\/title>\n<meta name=\"description\" content=\"Atrav\u00e9s de recursos humanos especializados, a Torrestir tem consolidado a sua lideran\u00e7a no mercado nacional, promovendo um futuro em constante inova\u00e7\u00e3o.\" \/>\n<meta name=\"robots\" content=\"index, follow, max-snippet:-1, max-image-preview:large, max-video-preview:-1\" \/>\n<link rel=\"canonical\" href=\"https:\/\/www.torrestir.com\/madeira\/empresas-do-grupo\/\" \/>\n<meta property=\"og:locale\" content=\"pt_PT\" \/>\n<meta property=\"og:type\" content=\"article\" \/>\n<meta property=\"og:title\" content=\"Empresas Torrestir - Torrestir Madeira\" \/>\n<meta property=\"og:description\" content=\"Atrav\u00e9s de recursos humanos especializados, a Torrestir tem consolidado a sua lideran\u00e7a no mercado nacional, promovendo um futuro em constante inova\u00e7\u00e3o.\" \/>\n<meta property=\"og:url\" content=\"https:\/\/www.torrestir.com\/madeira\/empresas-do-grupo\/\" \/>\n<meta property=\"og:site_name\" content=\"Torrestir Madeira\" \/>\n<meta property=\"article:modified_time\" content=\"2023-10-27T08:40:12+00:00\" \/>\n<meta name=\"twitter:card\" content=\"summary_large_image\" \/>\n<meta name=\"twitter:label1\" content=\"Tempo estimado de leitura\" \/>\n\t<meta name=\"twitter:data1\" content=\"4 minutos\" \/>\n<script type=\"application\/ld+json\" class=\"yoast-schema-graph\">{\"@context\":\"https:\/\/schema.org\",\"@graph\":[{\"@type\":\"WebPage\",\"@id\":\"https:\/\/www.torrestir.com\/madeira\/empresas-do-grupo\/\",\"url\":\"https:\/\/www.torrestir.com\/madeira\/empresas-do-grupo\/\",\"name\":\"Empresas Torrestir - Torrestir Madeira\",\"isPartOf\":{\"@id\":\"https:\/\/www.torrestir.com\/madeira\/#website\"},\"datePublished\":\"2015-11-24T05:41:19+00:00\",\"dateModified\":\"2023-10-27T08:40:12+00:00\",\"description\":\"Atrav\u00e9s de recursos humanos especializados, a Torrestir tem consolidado a sua lideran\u00e7a no mercado nacional, promovendo um futuro em constante inova\u00e7\u00e3o.\",\"breadcrumb\":{\"@id\":\"https:\/\/www.torrestir.com\/madeira\/empresas-do-grupo\/#breadcrumb\"},\"inLanguage\":\"pt-PT\",\"potentialAction\":[{\"@type\":\"ReadAction\",\"target\":[\"https:\/\/www.torrestir.com\/madeira\/empresas-do-grupo\/\"]}]},{\"@type\":\"BreadcrumbList\",\"@id\":\"https:\/\/www.torrestir.com\/madeira\/empresas-do-grupo\/#breadcrumb\",\"itemListElement\":[{\"@type\":\"ListItem\",\"position\":1,\"name\":\"In\u00edcio\",\"item\":\"https:\/\/www.torrestir.com\/madeira\/\"},{\"@type\":\"ListItem\",\"position\":2,\"name\":\"Empresas Torrestir\"}]},{\"@type\":\"WebSite\",\"@id\":\"https:\/\/www.torrestir.com\/madeira\/#website\",\"url\":\"https:\/\/www.torrestir.com\/madeira\/\",\"name\":\"Torrestir Madeira\",\"description\":\"Sem limites\",\"potentialAction\":[{\"@type\":\"SearchAction\",\"target\":{\"@type\":\"EntryPoint\",\"urlTemplate\":\"https:\/\/www.torrestir.com\/madeira\/?s={search_term_string}\"},\"query-input\":\"required name=search_term_string\"}],\"inLanguage\":\"pt-PT\"}]}<\/script>\n<!-- \/ Yoast SEO plugin. -->","yoast_head_json":{"title":"Empresas Torrestir - Torrestir Madeira","description":"Atrav\u00e9s de recursos humanos especializados, a Torrestir tem consolidado a sua lideran\u00e7a no mercado nacional, promovendo um futuro em constante inova\u00e7\u00e3o.","robots":{"index":"index","follow":"follow","max-snippet":"max-snippet:-1","max-image-preview":"max-image-preview:large","max-video-preview":"max-video-preview:-1"},"canonical":"https:\/\/www.torrestir.com\/madeira\/empresas-do-grupo\/","og_locale":"pt_PT","og_type":"article","og_title":"Empresas Torrestir - Torrestir Madeira","og_description":"Atrav\u00e9s de recursos humanos especializados, a Torrestir tem consolidado a sua lideran\u00e7a no mercado nacional, promovendo um futuro em constante inova\u00e7\u00e3o.","og_url":"https:\/\/www.torrestir.com\/madeira\/empresas-do-grupo\/","og_site_name":"Torrestir Madeira","article_modified_time":"2023-10-27T08:40:12+00:00","twitter_card":"summary_large_image","twitter_misc":{"Tempo estimado de leitura":"4 minutos"},"schema":{"@context":"https:\/\/schema.org","@graph":[{"@type":"WebPage","@id":"https:\/\/www.torrestir.com\/madeira\/empresas-do-grupo\/","url":"https:\/\/www.torrestir.com\/madeira\/empresas-do-grupo\/","name":"Empresas Torrestir - Torrestir Madeira","isPartOf":{"@id":"https:\/\/www.torrestir.com\/madeira\/#website"},"datePublished":"2015-11-24T05:41:19+00:00","dateModified":"2023-10-27T08:40:12+00:00","description":"Atrav\u00e9s de recursos humanos especializados, a Torrestir tem consolidado a sua lideran\u00e7a no mercado nacional, promovendo um futuro em constante inova\u00e7\u00e3o.","breadcrumb":{"@id":"https:\/\/www.torrestir.com\/madeira\/empresas-do-grupo\/#breadcrumb"},"inLanguage":"pt-PT","potentialAction":[{"@type":"ReadAction","target":["https:\/\/www.torrestir.com\/madeira\/empresas-do-grupo\/"]}]},{"@type":"BreadcrumbList","@id":"https:\/\/www.torrestir.com\/madeira\/empresas-do-grupo\/#breadcrumb","itemListElement":[{"@type":"ListItem","position":1,"name":"In\u00edcio","item":"https:\/\/www.torrestir.com\/madeira\/"},{"@type":"ListItem","position":2,"name":"Empresas Torrestir"}]},{"@type":"WebSite","@id":"https:\/\/www.torrestir.com\/madeira\/#website","url":"https:\/\/www.torrestir.com\/madeira\/","name":"Torrestir Madeira","description":"Sem limites","potentialAction":[{"@type":"SearchAction","target":{"@type":"EntryPoint","urlTemplate":"https:\/\/www.torrestir.com\/madeira\/?s={search_term_string}"},"query-input":"required name=search_term_string"}],"inLanguage":"pt-PT"}]}},"uagb_featured_image_src":{"full":false,"thumbnail":false,"medium":false,"medium_large":false,"large":false,"timeline-express":false,"timeline-express-thumbnail":false,"1536x1536":false,"2048x2048":false,"transcargo-image-255x170-croped":false,"transcargo-image-270x330-croped":false,"transcargo_image-600x377-croped":false,"transcargo_image-350x230-croped":false,"transcargo_image-130x130-croped":false,"transcargo_image-40x40-croped":false,"transcargo_image-1600x1024":false},"uagb_author_info":{"display_name":"administrator","author_link":"https:\/\/www.torrestir.com\/madeira\/author\/administrator\/"},"uagb_comment_info":0,"uagb_excerpt":"[vc_row][vc_column width=&#8221;1\/2&#8243;][vc_column_text css=&#8221;.vc_custom_1666624811467{margin-bottom: 40px !important;}&#8221;] V\u00e1rios parceiros comerciais da torrestir ao seu dispor [\/vc_column_text][vc_column_text]Fundada em 1962, a Torrestir sofreu diversas reestrutura\u00e7\u00f5es para uma constante adequa\u00e7\u00e3o \u00e0s exig\u00eancias do mercado, operando, hoje, em todo...","_links":{"self":[{"href":"https:\/\/www.torrestir.com\/madeira\/wp-json\/wp\/v2\/pages\/642"}],"collection":[{"href":"https:\/\/www.torrestir.com\/madeira\/wp-json\/wp\/v2\/pages"}],"about":[{"href":"https:\/\/www.torrestir.com\/madeira\/wp-json\/wp\/v2\/types\/page"}],"author":[{"embeddable":true,"href":"https:\/\/www.torrestir.com\/madeira\/wp-json\/wp\/v2\/users\/1"}],"replies":[{"embeddable":true,"href":"https:\/\/www.torrestir.com\/madeira\/wp-json\/wp\/v2\/comments?post=642"}],"version-history":[{"count":1,"href":"https:\/\/www.torrestir.com\/madeira\/wp-json\/wp\/v2\/pages\/642\/revisions"}],"predecessor-version":[{"id":8382,"href":"https:\/\/www.torrestir.com\/madeira\/wp-json\/wp\/v2\/pages\/642\/revisions\/8382"}],"wp:attachment":[{"href":"https:\/\/www.torrestir.com\/madeira\/wp-json\/wp\/v2\/media?parent=642"}],"curies":[{"name":"wp","href":"https:\/\/api.w.org\/{rel}","templated":true}]}}