{"id":3315,"date":"2019-09-26T17:45:50","date_gmt":"2019-09-26T16:45:50","guid":{"rendered":"https:\/\/www.torrestir.com\/?page_id=3315"},"modified":"2023-05-02T15:50:36","modified_gmt":"2023-05-02T15:50:36","slug":"rhs","status":"publish","type":"page","link":"https:\/\/www.torrestir.com\/madeira\/rhs\/","title":{"rendered":"Carreiras"},"content":{"rendered":"<section class=\"wpb-content-wrapper\"><p>[vc_row][vc_column][vc_column_text css=&#8221;.vc_custom_1683024722038{margin-bottom: 60px !important;}&#8221;]<\/p>\n<h2>Oportunidades sem fronteiras e sem limites<\/h2>\n<p>O Grupo Torrestir conta nos seus quadros com mais de 2700 profissionais. Conjugando a estrat\u00e9gia da empresa com as necessidades dos nossos colaboradores, apostamos no desenvolvimento organizacional e profissional, desenvolvendo pol\u00edticas de motiva\u00e7\u00e3o e empenho que nos permitem responder com efic\u00e1cia e qualidade \u00e0s expectativa dos nossos clientes.<\/p>\n<p><!--Brand Icon --><br \/>\n<span class=\"twitter\"><\/span>[\/vc_column_text][\/vc_column][\/vc_row][vc_row full_width=&#8221;stretch_row&#8221; equal_height=&#8221;yes&#8221; content_placement=&#8221;middle&#8221; parallax=&#8221;content-moving&#8221; parallax_image=&#8221;2633&#8243; css=&#8221;.vc_custom_1569518860697{padding-top: 40px !important;padding-bottom: 30px !important;}&#8221;][vc_column width=&#8221;1\/6&#8243; css=&#8221;.vc_custom_1450330273622{padding-top: 60px !important;padding-right: 0px !important;padding-bottom: 60px !important;}&#8221;][\/vc_column][vc_column width=&#8221;2\/3&#8243;][vc_empty_space][vc_custom_heading text=&#8221;Venha fazer parte desta equipa! Consulte as vagas dispon\u00edveis.&#8221; font_container=&#8221;tag:h2|font_size:50|text_align:center|color:%23fdbe30|line_height:1&#8243; google_fonts=&#8221;font_family:Allerta%20Stencil%3Aregular|font_style:400%20regular%3A400%3Anormal&#8221; el_class=&#8221;base_font_color heading_without_line&#8221; css=&#8221;.vc_custom_1571387847445{margin-bottom: 30px !important;}&#8221;][vc_btn title=&#8221;TORRESTIR CARREIRAS&#8221; style=&#8221;outline-custom&#8221; outline_custom_color=&#8221;#fdbe30&#8243; outline_custom_hover_background=&#8221;#fdbe30&#8243; outline_custom_hover_text=&#8221;#003e2d&#8221; shape=&#8221;round&#8221; align=&#8221;center&#8221; i_align=&#8221;right&#8221; i_icon_fontawesome=&#8221;fas fa-briefcase&#8221; add_icon=&#8221;true&#8221; css=&#8221;.vc_custom_1682609931541{margin-bottom: 30px !important;}&#8221; link=&#8221;url:https%3A%2F%2Fjobs.torrestir.com%2F||target:%20_blank|&#8221;][vc_empty_space height=&#8221;16px&#8221;][\/vc_column][vc_column width=&#8221;1\/6&#8243;][\/vc_column][\/vc_row][vc_row][vc_column][vc_empty_space height=&#8221;45px&#8221;][vc_custom_heading text=&#8221;Perguntas frequentes&#8221; use_theme_fonts=&#8221;yes&#8221;][vc_tta_accordion style=&#8221;outline&#8221; shape=&#8221;square&#8221; color=&#8221;theme_style&#8221; c_icon=&#8221;chevron&#8221; c_position=&#8221;right&#8221; active_section=&#8221;&#8221; no_fill=&#8221;true&#8221; collapsible_all=&#8221;true&#8221;][vc_tta_section title=&#8221;Como posso candidatar-me a trabalhar no Grupo Torrestir?&#8221; tab_id=&#8221;1560336073918-031048a7-58f2&#8243;][vc_column_text]<strong>Candidatura Espont\u00e2nea<\/strong><\/p>\n<p>Aceda ao website <a href=\"https:\/\/jobs.torrestir.com\" target=\"_blank\" rel=\"noopener noreferrer\"><strong>Torrestir Carreiras<\/strong><\/a> e crie uma conta. Ap\u00f3s o registo aceda \u00e0 sua \u00e1rea privada e crie um curr\u00edculo. Assim que tudo tiver sido preenchido corretamente e gravado, fica registado para vagas que possam surgir e ser do seu interesse.<\/p>\n<p>Tem a oportunidade de se candidatar a vagas existentes com o curr\u00edculo criado no website. Para se candidatar a uma vaga poder\u00e1 optar por preencher o curriculo na sua \u00e0rea privada ou enviar um documento em anexo (Tipos de ficheiro: .<strong>doc, .docx ou .pdf<\/strong>).<\/p>\n<p><strong>Candidatura Presencial<\/strong><\/p>\n<p>Desloque-se a uma filial Torrestir perto de si e preencha a ficha de candidatura dispon\u00edvel.<\/p>\n<p><strong>Nota:<\/strong> Uma informa\u00e7\u00e3o importante a colocar \u00e9 o local onde pretende trabalhar \u2013 somos uma multinacional, com v\u00e1rias filiais, no pa\u00eds e estrangeiro e, sem essa indica\u00e7\u00e3o, \u00e9 dif\u00edcil fazer a triagem para as vagas existentes.<\/p>\n<p>Caso seja selecionado ser\u00e1 contactado para a marca\u00e7\u00e3o de entrevista.[\/vc_column_text][\/vc_tta_section][vc_tta_section title=&#8221;Ap\u00f3s candidatar-me, como sei se vou ser chamado?&#8221; tab_id=&#8221;1560336548115-1e8f14b9-ae6e&#8221;][vc_column_text]Todas as candidaturas s\u00e3o analisadas, tendo em conta as vagas existentes, durante um per\u00edodo m\u00e1ximo de 3 meses. Se for selecionado, ser\u00e1 contactado.[\/vc_column_text][\/vc_tta_section][vc_tta_section title=&#8221;Durante quanto tempo consideram o curr\u00edculo para sele\u00e7\u00e3o?&#8221; tab_id=&#8221;1560336648744-32209769-29a6&#8243;][vc_column_text]Consideramos as candidaturas \u201cativas\u201d durante tr\u00eas meses. Ap\u00f3s esse per\u00edodo entendemos que o candidato j\u00e1 n\u00e3o estar\u00e1 dispon\u00edvel, pelo que, caso o pretenda, dever\u00e1 atualizar a sua candidatura.[\/vc_column_text][\/vc_tta_section][vc_tta_section title=&#8221;Como posso saber se o meu curr\u00edculo foi submetido com sucesso?&#8221; tab_id=&#8221;1560336875939-0f2c3f7c-1445&#8243;][vc_column_text]Quando clicar no bot\u00e3o &#8220;Enviar&#8221; ser\u00e1 efetuada a submiss\u00e3o da sua candidatura. Se o envio for conclu\u00eddo com sucesso aparecer\u00e1 uma notifica\u00e7\u00e3o de confirma\u00e7\u00e3o com a mensagem &#8220;A sua mensagem foi enviada com sucesso.&#8221; com o fundo verde.<\/p>\n<p>Em caso de erro, por favor, utilize o <a href=\"\/enviar-mensagem\/\" target=\"_blank\" rel=\"noopener noreferrer\">formul\u00e1rio<\/a> para entrar em contacto connosco.[\/vc_column_text][\/vc_tta_section][\/vc_tta_accordion][\/vc_column][\/vc_row][vc_row][vc_column][vc_empty_space height=&#8221;45px&#8221;][\/vc_column][\/vc_row][vc_row full_width=&#8221;stretch_row&#8221; equal_height=&#8221;yes&#8221; content_placement=&#8221;middle&#8221; parallax=&#8221;content-moving&#8221; parallax_image=&#8221;1973&#8243; css=&#8221;.vc_custom_1559834449571{padding-top: 40px !important;padding-bottom: 30px !important;}&#8221;][vc_column width=&#8221;1\/6&#8243; css=&#8221;.vc_custom_1450330273622{padding-top: 60px !important;padding-right: 0px !important;padding-bottom: 60px !important;}&#8221;][\/vc_column][vc_column width=&#8221;2\/3&#8243;][vc_empty_space][vc_custom_heading text=&#8221;Visite o nosso LinkedIn e descubra as oportunidades dispon\u00edveis.&#8221; font_container=&#8221;tag:h2|font_size:50|text_align:center|color:%23fdbe30|line_height:1&#8243; google_fonts=&#8221;font_family:Allerta%20Stencil%3Aregular|font_style:400%20regular%3A400%3Anormal&#8221; el_class=&#8221;base_font_color heading_without_line&#8221; css=&#8221;.vc_custom_1559832133523{margin-bottom: 30px !important;}&#8221;][vc_btn title=&#8221;LINKEDIN TORRESTIR&#8221; style=&#8221;outline-custom&#8221; outline_custom_color=&#8221;#fdbe30&#8243; outline_custom_hover_background=&#8221;#fdbe30&#8243; outline_custom_hover_text=&#8221;#003e2d&#8221; shape=&#8221;round&#8221; align=&#8221;center&#8221; i_align=&#8221;right&#8221; i_icon_fontawesome=&#8221;fa fa-linkedin-square&#8221; add_icon=&#8221;true&#8221; css=&#8221;.vc_custom_1559834697266{margin-bottom: 30px !important;}&#8221; link=&#8221;url:https%3A%2F%2Fpt.linkedin.com%2Fcompany%2Ftorrestir||target:%20_blank|&#8221;][vc_empty_space height=&#8221;16px&#8221;][\/vc_column][vc_column width=&#8221;1\/6&#8243;][\/vc_column][\/vc_row][vc_row full_width=&#8221;stretch_row&#8221; el_class=&#8221;secondary_bg_color&#8221; css=&#8221;.vc_custom_1447734480631{margin-bottom: 0px !important;}&#8221;][vc_column][vc_cta h2=&#8221;Ainda com d\u00favidas? Use o bot\u00e3o para nos contactar.&#8221; shape=&#8221;square&#8221; add_button=&#8221;right&#8221; btn_title=&#8221;Contacte-nos&#8221; btn_style=&#8221;outline&#8221; btn_shape=&#8221;round&#8221; btn_color=&#8221;white&#8221; btn_i_align=&#8221;right&#8221; btn_i_icon_fontawesome=&#8221;fas fa-arrow-right&#8221; btn_add_icon=&#8221;true&#8221; el_class=&#8221;secondary_bg_color&#8221; btn_link=&#8221;url:https%3A%2F%2Fwww.torrestir.com%2Fmadeira%2Fcontactos%2F|title:Contactos&#8221;][\/vc_cta][\/vc_column][\/vc_row][vc_row full_width=&#8221;stretch_row&#8221; css=&#8221;.vc_custom_1559904650819{margin-bottom: 0px !important;}&#8221;][vc_column css=&#8221;.vc_custom_1678102850057{padding-top: 30px !important;padding-bottom: 40px !important;}&#8221;][vc_column_text]<style id=\"sp_lcp_dynamic_css7458\">div#logo-carousel-free-7458.logo-carousel-free .sp-lc-logo{border: 1px none #dddddd;border-radius: 0px;overflow: hidden;}div#logo-carousel-free-7458.logo-carousel-free .sp-lc-logo:hover{border-color: #16a08b;}@media only screen and (max-width: 576px) {#logo-carousel-free-7458.sp-lc-container .sp-lc-button-prev,#logo-carousel-free-7458.sp-lc-container .sp-lc-button-next {display: none;}#logo-carousel-free-7458.sp-lc-container .sp-lc-pagination .swiper-pagination-bullet {display: none;}} .logo-carousel-free-area#logo-carousel-free-7458{position: relative;}#lcp-preloader-7458{position: absolute;left: 0;top: 0;height: 100%;width: 100%;text-align: center;display: flex;align-items: center;justify-content: center;background: #fff;z-index: 9999;} .logo-carousel-free-area#logo-carousel-free-7458 .sp-logo-carousel-section-title{margin-bottom: 30px;}#logo-carousel-free-7458 .sp-lc-grid-container { justify-content: left; align-items: center; } #logo-carousel-free-7458 .swiper-wrapper .swiper-slide { align-self: center; }#logo-carousel-free-7458 .sp-lc-grid-container {margin-left: -17.5px;margin-right: -17.5px;width: calc( 100% + 35px);}#logo-carousel-free-7458 .sp-lc-grid-container [class*=\"lc-col\"] {padding-left: 17.5px;padding-right: 17.5px;padding-bottom: 12px;}@media screen and (min-width: 1200px ){.logo-carousel-free-area#logo-carousel-free-7458 .sp-logo-carousel:not([class*=\"-initialized\"]) > .swiper-wrapper {display: flex;width: calc( 100% + 35px );}.logo-carousel-free-area#logo-carousel-free-7458 .sp-logo-carousel:not([class*=\"-initialized\"]) > .swiper-wrapper > .swiper-slide {width: 16.666666666667%;padding-right: 35px;}}<\/style>\n<div id='logo-carousel-free-7458' class=\"logo-carousel-free logo-carousel-free-area sp-lc-container\">\n\t\t\t<div id=\"lcp-preloader-7458\" class=\"sp-logo-carousel-preloader\"><img src=\"https:\/\/www.torrestir.com\/madeira\/wp-content\/plugins\/logo-carousel-free\/admin\/assets\/images\/spinner.svg\" class=\"skip-lazy\" alt=\"Loader Image\"\/><\/div>\n\t\t\t<div id=\"sp-logo-carousel-id-7458\" class=\"swiper-container sp-logo-carousel  lcp-preloader\" dir=\"ltr\" data-carousel='{ \"speed\":600,\"spaceBetween\": 35, \"autoplay\": true, \"infinite\":true, \"autoplay_speed\": 2000, \"stop_onHover\": true, \"pagination\": false, \"navigation\": false, \"MobileNav\": false, \"MobilePagi\": false, \"simulateTouch\": true,\"freeMode\": true,\"swipeToSlide\": false, \"carousel_accessibility\": true,\"adaptiveHeight\": false,\"allowTouchMove\": true, \"slidesPerView\": { \"lg_desktop\": 6, \"desktop\": 5, \"tablet\": 3, \"mobile\": 2, \"mobile_landscape\": 4 } }' data-carousel-starts-onscreen=\"false\">\n\t\t<div class=\"swiper-wrapper\">\n\t\t\t\t<div class=\"swiper-slide\"><div class=\"sp-lc-logo\"><img src=\"https:\/\/www.torrestir.com\/madeira\/wp-content\/uploads\/sites\/4\/2023\/03\/SGS_ISO_9001_PT_round_TCL_H-1-e1678989370159.jpg\" title=\"Presta\u00e7\u00e3o de Servi\u00e7os Transit\u00e1rio Nacionais e Internacionais, por via A\u00e9rea, Mar\u00edtima e Terrestre\" alt=\"Presta\u00e7\u00e3o de Servi\u00e7os Transit\u00e1rio Nacionais e Internacionais, por via A\u00e9rea, Mar\u00edtima e Terrestre\" width=\"80\" height=\"78\" class=\"sp-lc-image\"><\/div><\/div>\n\t\t<div class=\"swiper-slide\"><div class=\"sp-lc-logo\"><img src=\"https:\/\/www.torrestir.com\/madeira\/wp-content\/uploads\/sites\/4\/2019\/10\/antram.png\" title=\"Certificado Antram\" alt=\"Certificado Antram\" width=\"119\" height=\"52\" class=\"sp-lc-image\"><\/div><\/div>\n\t\t<div class=\"swiper-slide\"><div class=\"sp-lc-logo\"><img src=\"https:\/\/www.torrestir.com\/madeira\/wp-content\/uploads\/sites\/4\/2019\/10\/iata.png\" title=\"Certificado Iata\" alt=\"Certificado Iata\" width=\"119\" height=\"52\" class=\"sp-lc-image\"><\/div><\/div>\n\t\t<div class=\"swiper-slide\"><div class=\"sp-lc-logo\"><img src=\"https:\/\/www.torrestir.com\/madeira\/wp-content\/uploads\/sites\/4\/2019\/10\/fiata.png\" title=\"Certificado Fiata\" alt=\"Certificado Fiata\" width=\"119\" height=\"52\" class=\"sp-lc-image\"><\/div><\/div>\n\t\t<div class=\"swiper-slide\"><div class=\"sp-lc-logo\"><img src=\"https:\/\/www.torrestir.com\/madeira\/wp-content\/uploads\/sites\/4\/2019\/10\/wcalliance.png\" title=\"Certificado World Cargo Alliance\" alt=\"Certificado World Cargo Alliance\" width=\"119\" height=\"52\" class=\"sp-lc-image\"><\/div><\/div>\n\t\t<div class=\"swiper-slide\"><div class=\"sp-lc-logo\"><img src=\"https:\/\/www.torrestir.com\/madeira\/wp-content\/uploads\/sites\/4\/2019\/10\/ifa.png\" title=\"Certificado Ifa\" alt=\"Certificado Ifa\" width=\"119\" height=\"52\" class=\"sp-lc-image\"><\/div><\/div>\n\t\t<div class=\"swiper-slide\"><div class=\"sp-lc-logo\"><img src=\"https:\/\/www.torrestir.com\/madeira\/wp-content\/uploads\/sites\/4\/2019\/10\/wca.png\" title=\"Certificado Wca\" alt=\"Certificado Wca\" width=\"119\" height=\"52\" class=\"sp-lc-image\"><\/div><\/div>\n\t\t\t<\/div>\n\n\t\t\t<\/div>\n<\/div>\n[\/vc_column_text][\/vc_column][\/vc_row]<\/p>\n<\/section>","protected":false},"excerpt":{"rendered":"<p>[vc_row][vc_column][vc_column_text css=&#8221;.vc_custom_1683024722038{margin-bottom: 60px !important;}&#8221;] Oportunidades sem fronteiras e sem limites O Grupo Torrestir conta nos seus quadros com mais de 2700 profissionais. Conjugando a estrat\u00e9gia da empresa com as necessidades dos nossos colaboradores,&#8230;<\/p>\n","protected":false},"author":4,"featured_media":0,"parent":0,"menu_order":0,"comment_status":"closed","ping_status":"closed","template":"","meta":{"_uag_custom_page_level_css":""},"yoast_head":"<!-- This site is optimized with the Yoast SEO plugin v21.1 - https:\/\/yoast.com\/wordpress\/plugins\/seo\/ -->\n<title>Carreiras - Torrestir Madeira<\/title>\n<meta name=\"description\" content=\"Procura uma oportunidade \u00fanica e repleta de constantes desafios? A Torrestir \u00e9 o que procura. Atuamos num setor desafiante e em permanente muta\u00e7\u00e3o.\" \/>\n<meta name=\"robots\" content=\"index, follow, max-snippet:-1, max-image-preview:large, max-video-preview:-1\" \/>\n<link rel=\"canonical\" href=\"https:\/\/www.torrestir.com\/madeira\/rhs\/\" \/>\n<meta property=\"og:locale\" content=\"pt_PT\" \/>\n<meta property=\"og:type\" content=\"article\" \/>\n<meta property=\"og:title\" content=\"Carreiras - Torrestir Madeira\" \/>\n<meta property=\"og:description\" content=\"Procura uma oportunidade \u00fanica e repleta de constantes desafios? A Torrestir \u00e9 o que procura. Atuamos num setor desafiante e em permanente muta\u00e7\u00e3o.\" \/>\n<meta property=\"og:url\" content=\"https:\/\/www.torrestir.com\/madeira\/rhs\/\" \/>\n<meta property=\"og:site_name\" content=\"Torrestir Madeira\" \/>\n<meta property=\"article:modified_time\" content=\"2023-05-02T15:50:36+00:00\" \/>\n<meta name=\"twitter:card\" content=\"summary_large_image\" \/>\n<meta name=\"twitter:label1\" content=\"Tempo estimado de leitura\" \/>\n\t<meta name=\"twitter:data1\" content=\"3 minutos\" \/>\n<script type=\"application\/ld+json\" class=\"yoast-schema-graph\">{\"@context\":\"https:\/\/schema.org\",\"@graph\":[{\"@type\":\"WebPage\",\"@id\":\"https:\/\/www.torrestir.com\/madeira\/rhs\/\",\"url\":\"https:\/\/www.torrestir.com\/madeira\/rhs\/\",\"name\":\"Carreiras - Torrestir Madeira\",\"isPartOf\":{\"@id\":\"https:\/\/www.torrestir.com\/madeira\/#website\"},\"datePublished\":\"2019-09-26T16:45:50+00:00\",\"dateModified\":\"2023-05-02T15:50:36+00:00\",\"description\":\"Procura uma oportunidade \u00fanica e repleta de constantes desafios? A Torrestir \u00e9 o que procura. Atuamos num setor desafiante e em permanente muta\u00e7\u00e3o.\",\"breadcrumb\":{\"@id\":\"https:\/\/www.torrestir.com\/madeira\/rhs\/#breadcrumb\"},\"inLanguage\":\"pt-PT\",\"potentialAction\":[{\"@type\":\"ReadAction\",\"target\":[\"https:\/\/www.torrestir.com\/madeira\/rhs\/\"]}]},{\"@type\":\"BreadcrumbList\",\"@id\":\"https:\/\/www.torrestir.com\/madeira\/rhs\/#breadcrumb\",\"itemListElement\":[{\"@type\":\"ListItem\",\"position\":1,\"name\":\"In\u00edcio\",\"item\":\"https:\/\/www.torrestir.com\/madeira\/\"},{\"@type\":\"ListItem\",\"position\":2,\"name\":\"Carreiras\"}]},{\"@type\":\"WebSite\",\"@id\":\"https:\/\/www.torrestir.com\/madeira\/#website\",\"url\":\"https:\/\/www.torrestir.com\/madeira\/\",\"name\":\"Torrestir Madeira\",\"description\":\"Sem limites\",\"potentialAction\":[{\"@type\":\"SearchAction\",\"target\":{\"@type\":\"EntryPoint\",\"urlTemplate\":\"https:\/\/www.torrestir.com\/madeira\/?s={search_term_string}\"},\"query-input\":\"required name=search_term_string\"}],\"inLanguage\":\"pt-PT\"}]}<\/script>\n<!-- \/ Yoast SEO plugin. -->","yoast_head_json":{"title":"Carreiras - Torrestir Madeira","description":"Procura uma oportunidade \u00fanica e repleta de constantes desafios? A Torrestir \u00e9 o que procura. Atuamos num setor desafiante e em permanente muta\u00e7\u00e3o.","robots":{"index":"index","follow":"follow","max-snippet":"max-snippet:-1","max-image-preview":"max-image-preview:large","max-video-preview":"max-video-preview:-1"},"canonical":"https:\/\/www.torrestir.com\/madeira\/rhs\/","og_locale":"pt_PT","og_type":"article","og_title":"Carreiras - Torrestir Madeira","og_description":"Procura uma oportunidade \u00fanica e repleta de constantes desafios? A Torrestir \u00e9 o que procura. Atuamos num setor desafiante e em permanente muta\u00e7\u00e3o.","og_url":"https:\/\/www.torrestir.com\/madeira\/rhs\/","og_site_name":"Torrestir Madeira","article_modified_time":"2023-05-02T15:50:36+00:00","twitter_card":"summary_large_image","twitter_misc":{"Tempo estimado de leitura":"3 minutos"},"schema":{"@context":"https:\/\/schema.org","@graph":[{"@type":"WebPage","@id":"https:\/\/www.torrestir.com\/madeira\/rhs\/","url":"https:\/\/www.torrestir.com\/madeira\/rhs\/","name":"Carreiras - Torrestir Madeira","isPartOf":{"@id":"https:\/\/www.torrestir.com\/madeira\/#website"},"datePublished":"2019-09-26T16:45:50+00:00","dateModified":"2023-05-02T15:50:36+00:00","description":"Procura uma oportunidade \u00fanica e repleta de constantes desafios? A Torrestir \u00e9 o que procura. Atuamos num setor desafiante e em permanente muta\u00e7\u00e3o.","breadcrumb":{"@id":"https:\/\/www.torrestir.com\/madeira\/rhs\/#breadcrumb"},"inLanguage":"pt-PT","potentialAction":[{"@type":"ReadAction","target":["https:\/\/www.torrestir.com\/madeira\/rhs\/"]}]},{"@type":"BreadcrumbList","@id":"https:\/\/www.torrestir.com\/madeira\/rhs\/#breadcrumb","itemListElement":[{"@type":"ListItem","position":1,"name":"In\u00edcio","item":"https:\/\/www.torrestir.com\/madeira\/"},{"@type":"ListItem","position":2,"name":"Carreiras"}]},{"@type":"WebSite","@id":"https:\/\/www.torrestir.com\/madeira\/#website","url":"https:\/\/www.torrestir.com\/madeira\/","name":"Torrestir Madeira","description":"Sem limites","potentialAction":[{"@type":"SearchAction","target":{"@type":"EntryPoint","urlTemplate":"https:\/\/www.torrestir.com\/madeira\/?s={search_term_string}"},"query-input":"required name=search_term_string"}],"inLanguage":"pt-PT"}]}},"uagb_featured_image_src":{"full":false,"thumbnail":false,"medium":false,"medium_large":false,"large":false,"timeline-express":false,"timeline-express-thumbnail":false,"1536x1536":false,"2048x2048":false,"transcargo-image-255x170-croped":false,"transcargo-image-270x330-croped":false,"transcargo_image-600x377-croped":false,"transcargo_image-350x230-croped":false,"transcargo_image-130x130-croped":false,"transcargo_image-40x40-croped":false,"transcargo_image-1600x1024":false},"uagb_author_info":{"display_name":"","author_link":"https:\/\/www.torrestir.com\/madeira\/author\/"},"uagb_comment_info":0,"uagb_excerpt":"[vc_row][vc_column][vc_column_text css=&#8221;.vc_custom_1683024722038{margin-bottom: 60px !important;}&#8221;] Oportunidades sem fronteiras e sem limites O Grupo Torrestir conta nos seus quadros com mais de 2700 profissionais. Conjugando a estrat\u00e9gia da empresa com as necessidades dos nossos colaboradores,...","_links":{"self":[{"href":"https:\/\/www.torrestir.com\/madeira\/wp-json\/wp\/v2\/pages\/3315"}],"collection":[{"href":"https:\/\/www.torrestir.com\/madeira\/wp-json\/wp\/v2\/pages"}],"about":[{"href":"https:\/\/www.torrestir.com\/madeira\/wp-json\/wp\/v2\/types\/page"}],"author":[{"embeddable":true,"href":"https:\/\/www.torrestir.com\/madeira\/wp-json\/wp\/v2\/users\/4"}],"replies":[{"embeddable":true,"href":"https:\/\/www.torrestir.com\/madeira\/wp-json\/wp\/v2\/comments?post=3315"}],"version-history":[{"count":5,"href":"https:\/\/www.torrestir.com\/madeira\/wp-json\/wp\/v2\/pages\/3315\/revisions"}],"predecessor-version":[{"id":8135,"href":"https:\/\/www.torrestir.com\/madeira\/wp-json\/wp\/v2\/pages\/3315\/revisions\/8135"}],"wp:attachment":[{"href":"https:\/\/www.torrestir.com\/madeira\/wp-json\/wp\/v2\/media?parent=3315"}],"curies":[{"name":"wp","href":"https:\/\/api.w.org\/{rel}","templated":true}]}}