{"id":1548,"date":"2019-02-07T17:34:36","date_gmt":"2019-02-07T17:34:36","guid":{"rendered":"http:\/\/www.torrestir.com\/?page_id=1548"},"modified":"2023-05-02T15:13:29","modified_gmt":"2023-05-02T15:13:29","slug":"politica-e-missao","status":"publish","type":"page","link":"https:\/\/www.torrestir.com\/madeira\/politica-e-missao\/","title":{"rendered":"Pol\u00edtica e Miss\u00e3o"},"content":{"rendered":"<section class=\"wpb-content-wrapper\"><p>[vc_row css=&#8221;.vc_custom_1559899341431{margin-bottom: 20px !important;}&#8221;][vc_column offset=&#8221;vc_col-lg-9 vc_col-md-9&#8243;][vc_row_inner css=&#8221;.vc_custom_1449140720718{margin-bottom: 0px !important;}&#8221;][vc_column_inner offset=&#8221;vc_hidden-xs&#8221; css=&#8221;.vc_custom_1449140656921{margin-bottom: 80px !important;}&#8221;][vc_single_image image=&#8221;1708&#8243; img_size=&#8221;full&#8221;][\/vc_column_inner][\/vc_row_inner][vc_column_text css=&#8221;.vc_custom_1559576600875{margin-bottom: 30px !important;}&#8221;]<\/p>\n<h2>Princ\u00edpios de qualidade, ambiente e seguran\u00e7a<\/h2>\n<p>A\u00a0<span class=\"texto_verde\" style=\"color: #003e2d\"><strong>TORRESTIR<\/strong><\/span>\u00a0presta servi\u00e7os de transporte de mercadoria e log\u00edstica, baseado em princ\u00edpios de Qualidade, Ambiente e Seguran\u00e7a, tendo como base:<\/p>\n<p><span class=\"texto_verde\" style=\"color: #003e2d\"><strong><span class=\"texto_12 texto_16 texto_18\" style=\"color: #003e2d\">T<\/span>\u00a0<\/strong><\/span>rabalhar em equipa, formar e motivar os colaboradores para o sucesso da organiza\u00e7\u00e3o.<br \/>\n<span class=\"texto_verde\"><strong><span class=\"texto_12 texto_18\" style=\"color: #003e2d\">O<\/span>\u00a0<\/strong><\/span>timizar os processos, gerir adequadamente os aspetos ambientais e aperfei\u00e7oar continuamente o Sistema de Gest\u00e3o a fim de melhorar o seu desempenho.<br \/>\n<span class=\"texto_verde\"><strong><span class=\"texto_12 texto_18\" style=\"color: #003e2d\">R<\/span>\u00a0<\/strong><\/span>espeitar o cumprimento dos requisitos legais aplic\u00e1veis e outros requisitos subscritos pela organiza\u00e7\u00e3o.<br \/>\n<span class=\"texto_verde\"><strong><span class=\"texto_12 texto_18\" style=\"color: #003e2d\">R<\/span>\u00a0<\/strong><\/span>eduzir a produ\u00e7\u00e3o de res\u00edduos, o consumo de energia e outras fontes de recursos.<br \/>\n<span class=\"texto_verde\"><strong><span class=\"texto_12 texto_18\" style=\"color: #003e2d\">E<\/span>\u00a0<\/strong><\/span>stabelecer parcerias com os fornecedores garantindo a obten\u00e7\u00e3o de melhorias na presta\u00e7\u00e3o do servi\u00e7o\/desempenho ambiental.<br \/>\n<span class=\"texto_verde\"><strong><span class=\"texto_12 texto_18\" style=\"color: #003e2d\">S<\/span>\u00a0<\/strong><\/span>atisfazer os nossos clientes e colaboradores, garantindo o compromisso para a satisfa\u00e7\u00e3o das obriga\u00e7\u00f5es de conformidade e dos requisitos aplic\u00e1veis.<br \/>\n<span class=\"texto_verde\"><strong><span class=\"texto_12 texto_18\" style=\"color: #003e2d\">T<\/span>\u00a0<\/strong><\/span>rabalhar continuamente garantindo um compromisso para prote\u00e7\u00e3o do ambiente, incluindo a preven\u00e7\u00e3o da polui\u00e7\u00e3o.<br \/>\n<span class=\"texto_verde\"><strong><span class=\"texto_12 texto_18\" style=\"color: #003e2d\">I<\/span>\u00a0<\/strong><\/span>ncutir nos colaboradores a import\u00e2ncia de contribu\u00edrem com ideias para melhorar o desempenho da gest\u00e3o.<br \/>\n<span class=\"texto_verde\"><strong><span class=\"texto_12 texto_18\" style=\"color: #003e2d\">R<\/span>\u00a0<\/strong><\/span>ealizar o servi\u00e7o em conformidade com os procedimentos e regras estabelecidas de modo a alcan\u00e7ar os objetivos propostos.<\/p>\n<p>&nbsp;<\/p>\n<h2>QUALIDADE, VALOR E DESENVOLVIMENTO<\/h2>\n<p>A Torrestir tem como miss\u00e3o a presta\u00e7\u00e3o de servi\u00e7os de transporte de mercadorias e log\u00edstica, alicer\u00e7ados na qualidade, dignificando todos os seus profissionais e a empresa, potenciando o seu desenvolvimento.<\/p>\n<p>A cria\u00e7\u00e3o de valor com menor impacto ambiental (conceito de ecoefici\u00eancia) e uma\u00a0cultura de gest\u00e3o empresarial, que procura implementar melhorias ambientais, com benef\u00edcios econ\u00f3micos.[\/vc_column_text][\/vc_column][vc_column width=&#8221;1\/4&#8243; offset=&#8221;vc_hidden-sm vc_hidden-xs&#8221;][stm_sidebar sidebar=&#8221;48&#8243;][\/vc_column][\/vc_row][vc_row full_width=&#8221;stretch_row&#8221; css=&#8221;.vc_custom_1559899306400{margin-bottom: 0px !important;}&#8221;][vc_column css=&#8221;.vc_custom_1678122693946{padding-top: 30px !important;padding-bottom: 30px !important;}&#8221;][vc_separator style=&#8221;shadow&#8221;][vc_column_text]<style id=\"sp_lcp_dynamic_css7458\">div#logo-carousel-free-7458.logo-carousel-free .sp-lc-logo{border: 1px none #dddddd;border-radius: 0px;overflow: hidden;}div#logo-carousel-free-7458.logo-carousel-free .sp-lc-logo:hover{border-color: #16a08b;}@media only screen and (max-width: 576px) {#logo-carousel-free-7458.sp-lc-container .sp-lc-button-prev,#logo-carousel-free-7458.sp-lc-container .sp-lc-button-next {display: none;}#logo-carousel-free-7458.sp-lc-container .sp-lc-pagination .swiper-pagination-bullet {display: none;}} .logo-carousel-free-area#logo-carousel-free-7458{position: relative;}#lcp-preloader-7458{position: absolute;left: 0;top: 0;height: 100%;width: 100%;text-align: center;display: flex;align-items: center;justify-content: center;background: #fff;z-index: 9999;} .logo-carousel-free-area#logo-carousel-free-7458 .sp-logo-carousel-section-title{margin-bottom: 30px;}#logo-carousel-free-7458 .sp-lc-grid-container { justify-content: left; align-items: center; } #logo-carousel-free-7458 .swiper-wrapper .swiper-slide { align-self: center; }#logo-carousel-free-7458 .sp-lc-grid-container {margin-left: -17.5px;margin-right: -17.5px;width: calc( 100% + 35px);}#logo-carousel-free-7458 .sp-lc-grid-container [class*=\"lc-col\"] {padding-left: 17.5px;padding-right: 17.5px;padding-bottom: 12px;}@media screen and (min-width: 1200px ){.logo-carousel-free-area#logo-carousel-free-7458 .sp-logo-carousel:not([class*=\"-initialized\"]) > .swiper-wrapper {display: flex;width: calc( 100% + 35px );}.logo-carousel-free-area#logo-carousel-free-7458 .sp-logo-carousel:not([class*=\"-initialized\"]) > .swiper-wrapper > .swiper-slide {width: 16.666666666667%;padding-right: 35px;}}<\/style>\n<div id='logo-carousel-free-7458' class=\"logo-carousel-free logo-carousel-free-area sp-lc-container\">\n\t\t\t<div id=\"lcp-preloader-7458\" class=\"sp-logo-carousel-preloader\"><img src=\"https:\/\/www.torrestir.com\/madeira\/wp-content\/plugins\/logo-carousel-free\/admin\/assets\/images\/spinner.svg\" class=\"skip-lazy\" alt=\"Loader Image\"\/><\/div>\n\t\t\t<div id=\"sp-logo-carousel-id-7458\" class=\"swiper-container sp-logo-carousel  lcp-preloader\" dir=\"ltr\" data-carousel='{ \"speed\":600,\"spaceBetween\": 35, \"autoplay\": true, \"infinite\":true, \"autoplay_speed\": 2000, \"stop_onHover\": true, \"pagination\": false, \"navigation\": false, \"MobileNav\": false, \"MobilePagi\": false, \"simulateTouch\": true,\"freeMode\": true,\"swipeToSlide\": false, \"carousel_accessibility\": true,\"adaptiveHeight\": false,\"allowTouchMove\": true, \"slidesPerView\": { \"lg_desktop\": 6, \"desktop\": 5, \"tablet\": 3, \"mobile\": 2, \"mobile_landscape\": 4 } }' data-carousel-starts-onscreen=\"false\">\n\t\t<div class=\"swiper-wrapper\">\n\t\t\t\t<div class=\"swiper-slide\"><div class=\"sp-lc-logo\"><img src=\"https:\/\/www.torrestir.com\/madeira\/wp-content\/uploads\/sites\/4\/2023\/03\/SGS_ISO_9001_PT_round_TCL_H-1-e1678989370159.jpg\" title=\"Presta\u00e7\u00e3o de Servi\u00e7os Transit\u00e1rio Nacionais e Internacionais, por via A\u00e9rea, Mar\u00edtima e Terrestre\" alt=\"Presta\u00e7\u00e3o de Servi\u00e7os Transit\u00e1rio Nacionais e Internacionais, por via A\u00e9rea, Mar\u00edtima e Terrestre\" width=\"80\" height=\"78\" class=\"sp-lc-image\"><\/div><\/div>\n\t\t<div class=\"swiper-slide\"><div class=\"sp-lc-logo\"><img src=\"https:\/\/www.torrestir.com\/madeira\/wp-content\/uploads\/sites\/4\/2019\/10\/antram.png\" title=\"Certificado Antram\" alt=\"Certificado Antram\" width=\"119\" height=\"52\" class=\"sp-lc-image\"><\/div><\/div>\n\t\t<div class=\"swiper-slide\"><div class=\"sp-lc-logo\"><img src=\"https:\/\/www.torrestir.com\/madeira\/wp-content\/uploads\/sites\/4\/2019\/10\/iata.png\" title=\"Certificado Iata\" alt=\"Certificado Iata\" width=\"119\" height=\"52\" class=\"sp-lc-image\"><\/div><\/div>\n\t\t<div class=\"swiper-slide\"><div class=\"sp-lc-logo\"><img src=\"https:\/\/www.torrestir.com\/madeira\/wp-content\/uploads\/sites\/4\/2019\/10\/fiata.png\" title=\"Certificado Fiata\" alt=\"Certificado Fiata\" width=\"119\" height=\"52\" class=\"sp-lc-image\"><\/div><\/div>\n\t\t<div class=\"swiper-slide\"><div class=\"sp-lc-logo\"><img src=\"https:\/\/www.torrestir.com\/madeira\/wp-content\/uploads\/sites\/4\/2019\/10\/wcalliance.png\" title=\"Certificado World Cargo Alliance\" alt=\"Certificado World Cargo Alliance\" width=\"119\" height=\"52\" class=\"sp-lc-image\"><\/div><\/div>\n\t\t<div class=\"swiper-slide\"><div class=\"sp-lc-logo\"><img src=\"https:\/\/www.torrestir.com\/madeira\/wp-content\/uploads\/sites\/4\/2019\/10\/ifa.png\" title=\"Certificado Ifa\" alt=\"Certificado Ifa\" width=\"119\" height=\"52\" class=\"sp-lc-image\"><\/div><\/div>\n\t\t<div class=\"swiper-slide\"><div class=\"sp-lc-logo\"><img src=\"https:\/\/www.torrestir.com\/madeira\/wp-content\/uploads\/sites\/4\/2019\/10\/wca.png\" title=\"Certificado Wca\" alt=\"Certificado Wca\" width=\"119\" height=\"52\" class=\"sp-lc-image\"><\/div><\/div>\n\t\t\t<\/div>\n\n\t\t\t<\/div>\n<\/div>\n[\/vc_column_text][\/vc_column][\/vc_row]<\/p>\n<\/section>","protected":false},"excerpt":{"rendered":"<p>[vc_row css=&#8221;.vc_custom_1559899341431{margin-bottom: 20px !important;}&#8221;][vc_column offset=&#8221;vc_col-lg-9 vc_col-md-9&#8243;][vc_row_inner css=&#8221;.vc_custom_1449140720718{margin-bottom: 0px !important;}&#8221;][vc_column_inner offset=&#8221;vc_hidden-xs&#8221; css=&#8221;.vc_custom_1449140656921{margin-bottom: 80px !important;}&#8221;][vc_single_image image=&#8221;1708&#8243; img_size=&#8221;full&#8221;][\/vc_column_inner][\/vc_row_inner][vc_column_text css=&#8221;.vc_custom_1559576600875{margin-bottom: 30px !important;}&#8221;] Princ\u00edpios de qualidade, ambiente e seguran\u00e7a A\u00a0TORRESTIR\u00a0presta servi\u00e7os de transporte de mercadoria e log\u00edstica, baseado&#8230;<\/p>\n","protected":false},"author":4,"featured_media":0,"parent":0,"menu_order":0,"comment_status":"closed","ping_status":"closed","template":"","meta":{"_uag_custom_page_level_css":""},"yoast_head":"<!-- This site is optimized with the Yoast SEO plugin v21.1 - https:\/\/yoast.com\/wordpress\/plugins\/seo\/ -->\n<title>Pol\u00edtica e Miss\u00e3o - Torrestir Madeira<\/title>\n<meta name=\"description\" content=\"A\u00a0TORRESTIR\u00a0presta servi\u00e7os de transporte de mercadoria e log\u00edstica, baseado em princ\u00edpios de Qualidade, Ambiente e Seguran\u00e7a,\" \/>\n<meta name=\"robots\" content=\"index, follow, max-snippet:-1, max-image-preview:large, max-video-preview:-1\" \/>\n<link rel=\"canonical\" href=\"https:\/\/www.torrestir.com\/madeira\/politica-e-missao\/\" \/>\n<meta property=\"og:locale\" content=\"pt_PT\" \/>\n<meta property=\"og:type\" content=\"article\" \/>\n<meta property=\"og:title\" content=\"Pol\u00edtica e Miss\u00e3o - Torrestir Madeira\" \/>\n<meta property=\"og:description\" content=\"A\u00a0TORRESTIR\u00a0presta servi\u00e7os de transporte de mercadoria e log\u00edstica, baseado em princ\u00edpios de Qualidade, Ambiente e Seguran\u00e7a,\" \/>\n<meta property=\"og:url\" content=\"https:\/\/www.torrestir.com\/madeira\/politica-e-missao\/\" \/>\n<meta property=\"og:site_name\" content=\"Torrestir Madeira\" \/>\n<meta property=\"article:modified_time\" content=\"2023-05-02T15:13:29+00:00\" \/>\n<meta name=\"twitter:card\" content=\"summary_large_image\" \/>\n<meta name=\"twitter:label1\" content=\"Tempo estimado de leitura\" \/>\n\t<meta name=\"twitter:data1\" content=\"2 minutos\" \/>\n<script type=\"application\/ld+json\" class=\"yoast-schema-graph\">{\"@context\":\"https:\/\/schema.org\",\"@graph\":[{\"@type\":\"WebPage\",\"@id\":\"https:\/\/www.torrestir.com\/madeira\/politica-e-missao\/\",\"url\":\"https:\/\/www.torrestir.com\/madeira\/politica-e-missao\/\",\"name\":\"Pol\u00edtica e Miss\u00e3o - Torrestir Madeira\",\"isPartOf\":{\"@id\":\"https:\/\/www.torrestir.com\/madeira\/#website\"},\"datePublished\":\"2019-02-07T17:34:36+00:00\",\"dateModified\":\"2023-05-02T15:13:29+00:00\",\"description\":\"A\u00a0TORRESTIR\u00a0presta servi\u00e7os de transporte de mercadoria e log\u00edstica, baseado em princ\u00edpios de Qualidade, Ambiente e Seguran\u00e7a,\",\"breadcrumb\":{\"@id\":\"https:\/\/www.torrestir.com\/madeira\/politica-e-missao\/#breadcrumb\"},\"inLanguage\":\"pt-PT\",\"potentialAction\":[{\"@type\":\"ReadAction\",\"target\":[\"https:\/\/www.torrestir.com\/madeira\/politica-e-missao\/\"]}]},{\"@type\":\"BreadcrumbList\",\"@id\":\"https:\/\/www.torrestir.com\/madeira\/politica-e-missao\/#breadcrumb\",\"itemListElement\":[{\"@type\":\"ListItem\",\"position\":1,\"name\":\"In\u00edcio\",\"item\":\"https:\/\/www.torrestir.com\/madeira\/\"},{\"@type\":\"ListItem\",\"position\":2,\"name\":\"Pol\u00edtica e Miss\u00e3o\"}]},{\"@type\":\"WebSite\",\"@id\":\"https:\/\/www.torrestir.com\/madeira\/#website\",\"url\":\"https:\/\/www.torrestir.com\/madeira\/\",\"name\":\"Torrestir Madeira\",\"description\":\"Sem limites\",\"potentialAction\":[{\"@type\":\"SearchAction\",\"target\":{\"@type\":\"EntryPoint\",\"urlTemplate\":\"https:\/\/www.torrestir.com\/madeira\/?s={search_term_string}\"},\"query-input\":\"required name=search_term_string\"}],\"inLanguage\":\"pt-PT\"}]}<\/script>\n<!-- \/ Yoast SEO plugin. -->","yoast_head_json":{"title":"Pol\u00edtica e Miss\u00e3o - Torrestir Madeira","description":"A\u00a0TORRESTIR\u00a0presta servi\u00e7os de transporte de mercadoria e log\u00edstica, baseado em princ\u00edpios de Qualidade, Ambiente e Seguran\u00e7a,","robots":{"index":"index","follow":"follow","max-snippet":"max-snippet:-1","max-image-preview":"max-image-preview:large","max-video-preview":"max-video-preview:-1"},"canonical":"https:\/\/www.torrestir.com\/madeira\/politica-e-missao\/","og_locale":"pt_PT","og_type":"article","og_title":"Pol\u00edtica e Miss\u00e3o - Torrestir Madeira","og_description":"A\u00a0TORRESTIR\u00a0presta servi\u00e7os de transporte de mercadoria e log\u00edstica, baseado em princ\u00edpios de Qualidade, Ambiente e Seguran\u00e7a,","og_url":"https:\/\/www.torrestir.com\/madeira\/politica-e-missao\/","og_site_name":"Torrestir Madeira","article_modified_time":"2023-05-02T15:13:29+00:00","twitter_card":"summary_large_image","twitter_misc":{"Tempo estimado de leitura":"2 minutos"},"schema":{"@context":"https:\/\/schema.org","@graph":[{"@type":"WebPage","@id":"https:\/\/www.torrestir.com\/madeira\/politica-e-missao\/","url":"https:\/\/www.torrestir.com\/madeira\/politica-e-missao\/","name":"Pol\u00edtica e Miss\u00e3o - Torrestir Madeira","isPartOf":{"@id":"https:\/\/www.torrestir.com\/madeira\/#website"},"datePublished":"2019-02-07T17:34:36+00:00","dateModified":"2023-05-02T15:13:29+00:00","description":"A\u00a0TORRESTIR\u00a0presta servi\u00e7os de transporte de mercadoria e log\u00edstica, baseado em princ\u00edpios de Qualidade, Ambiente e Seguran\u00e7a,","breadcrumb":{"@id":"https:\/\/www.torrestir.com\/madeira\/politica-e-missao\/#breadcrumb"},"inLanguage":"pt-PT","potentialAction":[{"@type":"ReadAction","target":["https:\/\/www.torrestir.com\/madeira\/politica-e-missao\/"]}]},{"@type":"BreadcrumbList","@id":"https:\/\/www.torrestir.com\/madeira\/politica-e-missao\/#breadcrumb","itemListElement":[{"@type":"ListItem","position":1,"name":"In\u00edcio","item":"https:\/\/www.torrestir.com\/madeira\/"},{"@type":"ListItem","position":2,"name":"Pol\u00edtica e Miss\u00e3o"}]},{"@type":"WebSite","@id":"https:\/\/www.torrestir.com\/madeira\/#website","url":"https:\/\/www.torrestir.com\/madeira\/","name":"Torrestir Madeira","description":"Sem limites","potentialAction":[{"@type":"SearchAction","target":{"@type":"EntryPoint","urlTemplate":"https:\/\/www.torrestir.com\/madeira\/?s={search_term_string}"},"query-input":"required name=search_term_string"}],"inLanguage":"pt-PT"}]}},"uagb_featured_image_src":{"full":false,"thumbnail":false,"medium":false,"medium_large":false,"large":false,"timeline-express":false,"timeline-express-thumbnail":false,"1536x1536":false,"2048x2048":false,"transcargo-image-255x170-croped":false,"transcargo-image-270x330-croped":false,"transcargo_image-600x377-croped":false,"transcargo_image-350x230-croped":false,"transcargo_image-130x130-croped":false,"transcargo_image-40x40-croped":false,"transcargo_image-1600x1024":false},"uagb_author_info":{"display_name":"","author_link":"https:\/\/www.torrestir.com\/madeira\/author\/"},"uagb_comment_info":0,"uagb_excerpt":"[vc_row css=&#8221;.vc_custom_1559899341431{margin-bottom: 20px !important;}&#8221;][vc_column offset=&#8221;vc_col-lg-9 vc_col-md-9&#8243;][vc_row_inner css=&#8221;.vc_custom_1449140720718{margin-bottom: 0px !important;}&#8221;][vc_column_inner offset=&#8221;vc_hidden-xs&#8221; css=&#8221;.vc_custom_1449140656921{margin-bottom: 80px !important;}&#8221;][vc_single_image image=&#8221;1708&#8243; img_size=&#8221;full&#8221;][\/vc_column_inner][\/vc_row_inner][vc_column_text css=&#8221;.vc_custom_1559576600875{margin-bottom: 30px !important;}&#8221;] Princ\u00edpios de qualidade, ambiente e seguran\u00e7a A\u00a0TORRESTIR\u00a0presta servi\u00e7os de transporte de mercadoria e log\u00edstica, baseado...","_links":{"self":[{"href":"https:\/\/www.torrestir.com\/madeira\/wp-json\/wp\/v2\/pages\/1548"}],"collection":[{"href":"https:\/\/www.torrestir.com\/madeira\/wp-json\/wp\/v2\/pages"}],"about":[{"href":"https:\/\/www.torrestir.com\/madeira\/wp-json\/wp\/v2\/types\/page"}],"author":[{"embeddable":true,"href":"https:\/\/www.torrestir.com\/madeira\/wp-json\/wp\/v2\/users\/4"}],"replies":[{"embeddable":true,"href":"https:\/\/www.torrestir.com\/madeira\/wp-json\/wp\/v2\/comments?post=1548"}],"version-history":[{"count":2,"href":"https:\/\/www.torrestir.com\/madeira\/wp-json\/wp\/v2\/pages\/1548\/revisions"}],"predecessor-version":[{"id":8125,"href":"https:\/\/www.torrestir.com\/madeira\/wp-json\/wp\/v2\/pages\/1548\/revisions\/8125"}],"wp:attachment":[{"href":"https:\/\/www.torrestir.com\/madeira\/wp-json\/wp\/v2\/media?parent=1548"}],"curies":[{"name":"wp","href":"https:\/\/api.w.org\/{rel}","templated":true}]}}