{"id":685,"date":"2015-11-24T07:42:31","date_gmt":"2015-11-24T07:42:31","guid":{"rendered":"http:\/\/logistics.stylemixthemes.com\/demo\/?page_id=685"},"modified":"2023-05-16T09:51:05","modified_gmt":"2023-05-16T09:51:05","slug":"servicos","status":"publish","type":"page","link":"https:\/\/www.torrestir.com\/acores\/servicos\/","title":{"rendered":"Servi\u00e7os"},"content":{"rendered":"<section class=\"wpb-content-wrapper\"><p>[vc_row css=&#8221;.vc_custom_1449137312762{margin-bottom: 40px !important;}&#8221;][vc_column offset=&#8221;vc_col-lg-4 vc_col-md-4&#8243; css=&#8221;.vc_custom_1449137321169{margin-bottom: 40px !important;}&#8221;][vc_column_text]<\/p>\n<h2>A sua encomenda onde, quando e como quiser<\/h2>\n<p>[\/vc_column_text][\/vc_column][vc_column offset=&#8221;vc_col-lg-8 vc_col-md-8&#8243;][vc_column_text]Com mais de 60 anos de atividade, o Grupo Torrestir disponibiliza aos seus clientes um vasto leque de servi\u00e7os na \u00e1rea de Log\u00edstica, Transporte Terrestre, A\u00e9reo e Mar\u00edtimo, tornando-se numa das principais empresas de transporte a n\u00edvel nacional.<\/p>\n<p>Procurando a excel\u00eancia, o Grupo Torrestir tem-se afirmado como o parceiro de neg\u00f3cio para as empresas dos v\u00e1rios sectores do ramo farmac\u00eautico e equipamentos hospitalar, vestu\u00e1rio, alimentar e bebidas, \u00a0industria autom\u00f3vel, entre outros sectores.[\/vc_column_text][\/vc_column][\/vc_row][vc_row css=&#8221;.vc_custom_1448358695952{margin-bottom: 40px !important;}&#8221;][vc_column][stm_services_grid posts_per_page=&#8221;15&#8243; posts_per_row=&#8221;3&#8243;][\/vc_column][\/vc_row][vc_row full_width=&#8221;stretch_row&#8221; css=&#8221;.vc_custom_1544113857165{margin-bottom: 0px !important;padding-top: 80px !important;padding-bottom: 30px !important;background-color: #fdbe30 !important;}&#8221;][vc_column width=&#8221;1\/2&#8243; css=&#8221;.vc_custom_1449137646409{margin-bottom: 40px !important;}&#8221;][vc_column_text]<\/p>\n<h3><span style=\"color: #003e2d;\">Uma frota com tecnologia de ponta<\/span><\/h3>\n<p class=\"p1\"><span style=\"color: #003e2d;\">A implementa\u00e7\u00e3o de tecnologias avan\u00e7adas \u00e9 um dos principais motores para o crescimento e desenvolvimento da Torrestir, permitindo anualmente um aumento da produtividade e um servi\u00e7o cada vez mais r\u00e1pido e eficaz.<\/span><\/p>\n<p class=\"p1\"><span style=\"color: #003e2d;\">A nossa frota est\u00e1 equipada com as mais atuais tecnologias de comunica\u00e7\u00e3o e localiza\u00e7\u00e3o e a sua renova\u00e7\u00e3o peri\u00f3dica permite o acesso a todas as inova\u00e7\u00f5es que visam o conforto e efic\u00e1cia do condutor.<\/span><\/p>\n<p>[\/vc_column_text][\/vc_column][vc_column width=&#8221;1\/2&#8243; css=&#8221;.vc_custom_1449137653081{margin-bottom: 40px !important;}&#8221;][vc_column_text]<\/p>\n<h3><span style=\"color: #003e2d;\">Um servi\u00e7o mais r\u00e1pido e eficaz<\/span><\/h3>\n<p class=\"p1\"><span style=\"color: #003e2d;\">Atrav\u00e9s de plataformas pr\u00f3prias, de norte a sul do pa\u00eds, e na Europa, conseguimos diminuir tempos de tr\u00e2nsito e proporcionar melhor acesso aos nossos clientes. Contamos com linhas di\u00e1rias entre plataformas, e uma rede de distribui\u00e7\u00e3o porta-a-porta bem implementada, que se tornam uma mais valia na movimenta\u00e7\u00e3o dos seus produtos.<\/span><\/p>\n<p class=\"p1\"><span style=\"color: #003e2d;\">Tudo para que a sua encomenda chegue a todo o lado, sem fronteiras e sem limites!<\/span><\/p>\n<p>[\/vc_column_text][\/vc_column][\/vc_row][vc_row full_width=&#8221;stretch_row_content_no_spaces&#8221; equal_height=&#8221;yes&#8221; content_placement=&#8221;top&#8221; el_class=&#8221;secondary_bg_color services_icons reset-sm-paddings&#8221; css=&#8221;.vc_custom_1450671531930{margin-bottom: 0px !important;}&#8221;][vc_column css=&#8221;.vc_custom_1449204255225{padding-top: 75px !important;padding-right: 115px !important;padding-bottom: 75px !important;padding-left: 115px !important;}&#8221; offset=&#8221;vc_col-lg-4 vc_col-md-4&#8243;][stm_icon icon_size=&#8221;67&#8243; icon_height=&#8221;90&#8243; title_font_size=&#8221;24&#8243; title_font_weight=&#8221;700&#8243; align=&#8221;center&#8221; icon=&#8221;fas fa-user-shield&#8221; title=&#8221;Seguro &amp; Eficaz&#8221; text=&#8221;O nosso departamento de DSI trabalha com o objetivo de otimizar os sistemas de informa\u00e7\u00e3o e neste momento, conseguimos disponibilizar um sistema de Controlo e Gest\u00e3o de Expedi\u00e7\u00f5es que interage diretamente com o sistema de informa\u00e7\u00e3o do cliente. Um sistema que pode ser operado por colaboradores da Torrestir ou do cliente e que permite, em tempo real, gerir todas as vari\u00e1veis de uma expedi\u00e7\u00e3o.&#8221; icon_color=&#8221;#ffffff&#8221; title_color=&#8221;#ffffff&#8221; text_color=&#8221;#ffffff&#8221;][\/vc_column][vc_column css=&#8221;.vc_custom_1449204260881{padding-top: 75px !important;padding-right: 115px !important;padding-bottom: 75px !important;padding-left: 115px !important;background-color: rgba(0,0,0,0.1) !important;*background-color: rgb(0,0,0) !important;}&#8221; offset=&#8221;vc_col-lg-4 vc_col-md-4&#8243;][stm_icon icon_size=&#8221;67&#8243; icon_height=&#8221;90&#8243; title_font_size=&#8221;24&#8243; title_font_weight=&#8221;700&#8243; align=&#8221;center&#8221; icon=&#8221;fas fa-history&#8221; title=&#8221;Entregas 24h e 48h&#8221; text=&#8221;Operamos nos principais pa\u00edses europeus, contando atualmente com entregas 24h e 48h em diversas capitais. Com filiais internacionais localizadas em Espanha e na Alemanha e com uma rede de agentes estrategicamente localizados nos restantes pa\u00edses europeus, conseguimos garantir a continuidade da qualidade do servi\u00e7o Torrestir em qualquer ponto da Europa.&#8221; icon_color=&#8221;#ffffff&#8221; title_color=&#8221;#ffffff&#8221; text_color=&#8221;#ffffff&#8221;][\/vc_column][vc_column css=&#8221;.vc_custom_1449204266169{padding-top: 75px !important;padding-right: 115px !important;padding-bottom: 75px !important;padding-left: 115px !important;background-color: rgba(0,0,0,0.2) !important;*background-color: rgb(0,0,0) !important;}&#8221; offset=&#8221;vc_col-lg-4 vc_col-md-4&#8243;][stm_icon icon_size=&#8221;67&#8243; icon_height=&#8221;90&#8243; title_font_size=&#8221;24&#8243; title_font_weight=&#8221;700&#8243; align=&#8221;center&#8221; icon=&#8221;fas fa-headset&#8221; title=&#8221;Suporte 24h&#8221; text=&#8221;A atualiza\u00e7\u00e3o da informa\u00e7\u00e3o das encomendas para o cliente em tempo real permite um servi\u00e7o mais eficaz, j\u00e1 que o cliente est\u00e1 sempre informado sobre o estado das encomendas, as entregas efectuadas, poss\u00edveis incid\u00eancias, podendo aceder a documentos de forma simples.&#8221; icon_color=&#8221;#ffffff&#8221; title_color=&#8221;#ffffff&#8221; text_color=&#8221;#ffffff&#8221;][\/vc_column][\/vc_row][vc_row full_width=&#8221;stretch_row&#8221; css=&#8221;.vc_custom_1679064233072{margin-bottom: 0px !important;}&#8221;][vc_column css=&#8221;.vc_custom_1678123783656{padding-top: 30px !important;padding-bottom: 30px !important;}&#8221;][vc_column_text]<style id=\"sp_lcp_dynamic_css7458\">div#logo-carousel-free-7458.logo-carousel-free .sp-lc-logo{border: 1px none #dddddd;border-radius: 0px;overflow: hidden;}div#logo-carousel-free-7458.logo-carousel-free .sp-lc-logo:hover{border-color: #16a08b;}@media only screen and (max-width: 576px) {#logo-carousel-free-7458.sp-lc-container .sp-lc-button-prev,#logo-carousel-free-7458.sp-lc-container .sp-lc-button-next {display: none;}#logo-carousel-free-7458.sp-lc-container .sp-lc-pagination .swiper-pagination-bullet {display: none;}} .logo-carousel-free-area#logo-carousel-free-7458{position: relative;}#lcp-preloader-7458{position: absolute;left: 0;top: 0;height: 100%;width: 100%;text-align: center;display: flex;align-items: center;justify-content: center;background: #fff;z-index: 9999;} .logo-carousel-free-area#logo-carousel-free-7458 .sp-logo-carousel-section-title{margin-bottom: 30px;}#logo-carousel-free-7458 .sp-lc-grid-container { justify-content: left; align-items: center; } #logo-carousel-free-7458 .swiper-wrapper .swiper-slide { align-self: center; }#logo-carousel-free-7458 .sp-lc-grid-container {margin-left: -17.5px;margin-right: -17.5px;width: calc( 100% + 35px);}#logo-carousel-free-7458 .sp-lc-grid-container [class*=\"lc-col\"] {padding-left: 17.5px;padding-right: 17.5px;padding-bottom: 12px;}@media screen and (min-width: 1200px ){.logo-carousel-free-area#logo-carousel-free-7458 .sp-logo-carousel:not([class*=\"-initialized\"]) > .swiper-wrapper {display: flex;width: calc( 100% + 35px );}.logo-carousel-free-area#logo-carousel-free-7458 .sp-logo-carousel:not([class*=\"-initialized\"]) > .swiper-wrapper > .swiper-slide {width: 16.666666666667%;padding-right: 35px;}}<\/style>\n<div id='logo-carousel-free-7458' class=\"logo-carousel-free logo-carousel-free-area sp-lc-container\">\n\t\t\t<div id=\"lcp-preloader-7458\" class=\"sp-logo-carousel-preloader\"><img src=\"https:\/\/www.torrestir.com\/acores\/wp-content\/plugins\/logo-carousel-free\/admin\/assets\/images\/spinner.svg\" class=\"skip-lazy\" alt=\"Loader Image\"\/><\/div>\n\t\t\t<div id=\"sp-logo-carousel-id-7458\" class=\"swiper-container sp-logo-carousel  lcp-preloader\" dir=\"ltr\" data-carousel='{ \"speed\":600,\"spaceBetween\": 35, \"autoplay\": true, \"infinite\":true, \"autoplay_speed\": 2000, \"stop_onHover\": true, \"pagination\": false, \"navigation\": false, \"MobileNav\": false, \"MobilePagi\": false, \"simulateTouch\": true,\"freeMode\": true,\"swipeToSlide\": false, \"carousel_accessibility\": true,\"adaptiveHeight\": false,\"allowTouchMove\": true, \"slidesPerView\": { \"lg_desktop\": 6, \"desktop\": 4, \"tablet\": 3, \"mobile\": 1, \"mobile_landscape\": 2 } }' data-carousel-starts-onscreen=\"false\">\n\t\t<div class=\"swiper-wrapper\">\n\t\t\t\t<div class=\"swiper-slide\"><div class=\"sp-lc-logo\"><img src=\"https:\/\/www.torrestir.com\/acores\/wp-content\/uploads\/sites\/5\/2023\/03\/SGS_ISO_9001_PT_round_TCL_H-1-e1678989370159.jpg\" title=\"Presta\u00e7\u00e3o de Servi\u00e7os Transit\u00e1rio Nacionais e Internacionais, por via A\u00e9rea, Mar\u00edtima e Terrestre\" alt=\"Presta\u00e7\u00e3o de Servi\u00e7os Transit\u00e1rio Nacionais e Internacionais, por via A\u00e9rea, Mar\u00edtima e Terrestre\" width=\"80\" height=\"78\" class=\"sp-lc-image\"><\/div><\/div>\n\t\t<div class=\"swiper-slide\"><div class=\"sp-lc-logo\"><img src=\"https:\/\/www.torrestir.com\/acores\/wp-content\/uploads\/sites\/5\/2019\/10\/antram.png\" title=\"Certificado Antram\" alt=\"Certificado Antram\" width=\"119\" height=\"52\" class=\"sp-lc-image\"><\/div><\/div>\n\t\t<div class=\"swiper-slide\"><div class=\"sp-lc-logo\"><img src=\"https:\/\/www.torrestir.com\/acores\/wp-content\/uploads\/sites\/5\/2019\/10\/iata.png\" title=\"Certificado Iata\" alt=\"Certificado Iata\" width=\"119\" height=\"52\" class=\"sp-lc-image\"><\/div><\/div>\n\t\t<div class=\"swiper-slide\"><div class=\"sp-lc-logo\"><img src=\"https:\/\/www.torrestir.com\/acores\/wp-content\/uploads\/sites\/5\/2019\/10\/fiata.png\" title=\"Certificado Fiata\" alt=\"Certificado Fiata\" width=\"119\" height=\"52\" class=\"sp-lc-image\"><\/div><\/div>\n\t\t<div class=\"swiper-slide\"><div class=\"sp-lc-logo\"><img src=\"https:\/\/www.torrestir.com\/acores\/wp-content\/uploads\/sites\/5\/2019\/10\/wcalliance.png\" title=\"Certificado World Cargo Alliance\" alt=\"Certificado World Cargo Alliance\" width=\"119\" height=\"52\" class=\"sp-lc-image\"><\/div><\/div>\n\t\t<div class=\"swiper-slide\"><div class=\"sp-lc-logo\"><img src=\"https:\/\/www.torrestir.com\/acores\/wp-content\/uploads\/sites\/5\/2019\/10\/ifa.png\" title=\"Certificado Ifa\" alt=\"Certificado Ifa\" width=\"119\" height=\"52\" class=\"sp-lc-image\"><\/div><\/div>\n\t\t<div class=\"swiper-slide\"><div class=\"sp-lc-logo\"><img src=\"https:\/\/www.torrestir.com\/acores\/wp-content\/uploads\/sites\/5\/2019\/10\/wca.png\" title=\"Certificado Wca\" alt=\"Certificado Wca\" width=\"119\" height=\"52\" class=\"sp-lc-image\"><\/div><\/div>\n\t\t\t<\/div>\n\n\t\t\t<\/div>\n<\/div>\n[\/vc_column_text][\/vc_column][\/vc_row]<\/p>\n<\/section>","protected":false},"excerpt":{"rendered":"<p>[vc_row css=&#8221;.vc_custom_1449137312762{margin-bottom: 40px !important;}&#8221;][vc_column offset=&#8221;vc_col-lg-4 vc_col-md-4&#8243; css=&#8221;.vc_custom_1449137321169{margin-bottom: 40px !important;}&#8221;][vc_column_text] A sua encomenda onde, quando e como quiser [\/vc_column_text][\/vc_column][vc_column offset=&#8221;vc_col-lg-8 vc_col-md-8&#8243;][vc_column_text]Com mais de 60 anos de atividade, o Grupo Torrestir disponibiliza aos seus clientes&#8230;<\/p>\n","protected":false},"author":1,"featured_media":0,"parent":0,"menu_order":0,"comment_status":"closed","ping_status":"closed","template":"","meta":{"_uag_custom_page_level_css":""},"yoast_head":"<!-- This site is optimized with the Yoast SEO plugin v21.1 - https:\/\/yoast.com\/wordpress\/plugins\/seo\/ -->\n<title>Servi\u00e7os - Torrestir A\u00e7ores<\/title>\n<meta name=\"description\" content=\"O grupo Torrestir disponibiliza aos seus clientes um vasto leque de servi\u00e7os na \u00e1rea de Log\u00edstica, Transporte Terrestre, A\u00e9reo e Mar\u00edtimo.\" \/>\n<meta name=\"robots\" content=\"index, follow, max-snippet:-1, max-image-preview:large, max-video-preview:-1\" \/>\n<link rel=\"canonical\" href=\"https:\/\/www.torrestir.com\/acores\/servicos\/\" \/>\n<meta property=\"og:locale\" content=\"pt_PT\" \/>\n<meta property=\"og:type\" content=\"article\" \/>\n<meta property=\"og:title\" content=\"Servi\u00e7os - Torrestir A\u00e7ores\" \/>\n<meta property=\"og:description\" content=\"O grupo Torrestir disponibiliza aos seus clientes um vasto leque de servi\u00e7os na \u00e1rea de Log\u00edstica, Transporte Terrestre, A\u00e9reo e Mar\u00edtimo.\" \/>\n<meta property=\"og:url\" content=\"https:\/\/www.torrestir.com\/acores\/servicos\/\" \/>\n<meta property=\"og:site_name\" content=\"Torrestir A\u00e7ores\" \/>\n<meta property=\"article:modified_time\" content=\"2023-05-16T09:51:05+00:00\" \/>\n<meta name=\"twitter:card\" content=\"summary_large_image\" \/>\n<meta name=\"twitter:label1\" content=\"Tempo estimado de leitura\" \/>\n\t<meta name=\"twitter:data1\" content=\"3 minutos\" \/>\n<script type=\"application\/ld+json\" class=\"yoast-schema-graph\">{\"@context\":\"https:\/\/schema.org\",\"@graph\":[{\"@type\":\"WebPage\",\"@id\":\"https:\/\/www.torrestir.com\/acores\/servicos\/\",\"url\":\"https:\/\/www.torrestir.com\/acores\/servicos\/\",\"name\":\"Servi\u00e7os - Torrestir A\u00e7ores\",\"isPartOf\":{\"@id\":\"https:\/\/www.torrestir.com\/acores\/#website\"},\"datePublished\":\"2015-11-24T07:42:31+00:00\",\"dateModified\":\"2023-05-16T09:51:05+00:00\",\"description\":\"O grupo Torrestir disponibiliza aos seus clientes um vasto leque de servi\u00e7os na \u00e1rea de Log\u00edstica, Transporte Terrestre, A\u00e9reo e Mar\u00edtimo.\",\"breadcrumb\":{\"@id\":\"https:\/\/www.torrestir.com\/acores\/servicos\/#breadcrumb\"},\"inLanguage\":\"pt-PT\",\"potentialAction\":[{\"@type\":\"ReadAction\",\"target\":[\"https:\/\/www.torrestir.com\/acores\/servicos\/\"]}]},{\"@type\":\"BreadcrumbList\",\"@id\":\"https:\/\/www.torrestir.com\/acores\/servicos\/#breadcrumb\",\"itemListElement\":[{\"@type\":\"ListItem\",\"position\":1,\"name\":\"In\u00edcio\",\"item\":\"https:\/\/www.torrestir.com\/acores\/\"},{\"@type\":\"ListItem\",\"position\":2,\"name\":\"Servi\u00e7os\"}]},{\"@type\":\"WebSite\",\"@id\":\"https:\/\/www.torrestir.com\/acores\/#website\",\"url\":\"https:\/\/www.torrestir.com\/acores\/\",\"name\":\"Torrestir A\u00e7ores\",\"description\":\"Sem limites\",\"potentialAction\":[{\"@type\":\"SearchAction\",\"target\":{\"@type\":\"EntryPoint\",\"urlTemplate\":\"https:\/\/www.torrestir.com\/acores\/?s={search_term_string}\"},\"query-input\":\"required name=search_term_string\"}],\"inLanguage\":\"pt-PT\"}]}<\/script>\n<!-- \/ Yoast SEO plugin. -->","yoast_head_json":{"title":"Servi\u00e7os - Torrestir A\u00e7ores","description":"O grupo Torrestir disponibiliza aos seus clientes um vasto leque de servi\u00e7os na \u00e1rea de Log\u00edstica, Transporte Terrestre, A\u00e9reo e Mar\u00edtimo.","robots":{"index":"index","follow":"follow","max-snippet":"max-snippet:-1","max-image-preview":"max-image-preview:large","max-video-preview":"max-video-preview:-1"},"canonical":"https:\/\/www.torrestir.com\/acores\/servicos\/","og_locale":"pt_PT","og_type":"article","og_title":"Servi\u00e7os - Torrestir A\u00e7ores","og_description":"O grupo Torrestir disponibiliza aos seus clientes um vasto leque de servi\u00e7os na \u00e1rea de Log\u00edstica, Transporte Terrestre, A\u00e9reo e Mar\u00edtimo.","og_url":"https:\/\/www.torrestir.com\/acores\/servicos\/","og_site_name":"Torrestir A\u00e7ores","article_modified_time":"2023-05-16T09:51:05+00:00","twitter_card":"summary_large_image","twitter_misc":{"Tempo estimado de leitura":"3 minutos"},"schema":{"@context":"https:\/\/schema.org","@graph":[{"@type":"WebPage","@id":"https:\/\/www.torrestir.com\/acores\/servicos\/","url":"https:\/\/www.torrestir.com\/acores\/servicos\/","name":"Servi\u00e7os - Torrestir A\u00e7ores","isPartOf":{"@id":"https:\/\/www.torrestir.com\/acores\/#website"},"datePublished":"2015-11-24T07:42:31+00:00","dateModified":"2023-05-16T09:51:05+00:00","description":"O grupo Torrestir disponibiliza aos seus clientes um vasto leque de servi\u00e7os na \u00e1rea de Log\u00edstica, Transporte Terrestre, A\u00e9reo e Mar\u00edtimo.","breadcrumb":{"@id":"https:\/\/www.torrestir.com\/acores\/servicos\/#breadcrumb"},"inLanguage":"pt-PT","potentialAction":[{"@type":"ReadAction","target":["https:\/\/www.torrestir.com\/acores\/servicos\/"]}]},{"@type":"BreadcrumbList","@id":"https:\/\/www.torrestir.com\/acores\/servicos\/#breadcrumb","itemListElement":[{"@type":"ListItem","position":1,"name":"In\u00edcio","item":"https:\/\/www.torrestir.com\/acores\/"},{"@type":"ListItem","position":2,"name":"Servi\u00e7os"}]},{"@type":"WebSite","@id":"https:\/\/www.torrestir.com\/acores\/#website","url":"https:\/\/www.torrestir.com\/acores\/","name":"Torrestir A\u00e7ores","description":"Sem limites","potentialAction":[{"@type":"SearchAction","target":{"@type":"EntryPoint","urlTemplate":"https:\/\/www.torrestir.com\/acores\/?s={search_term_string}"},"query-input":"required name=search_term_string"}],"inLanguage":"pt-PT"}]}},"uagb_featured_image_src":{"full":false,"thumbnail":false,"medium":false,"medium_large":false,"large":false,"timeline-express":false,"timeline-express-thumbnail":false,"1536x1536":false,"2048x2048":false,"transcargo-image-255x170-croped":false,"transcargo-image-270x330-croped":false,"transcargo_image-600x377-croped":false,"transcargo_image-350x230-croped":false,"transcargo_image-130x130-croped":false,"transcargo_image-40x40-croped":false,"transcargo_image-1600x1024":false},"uagb_author_info":{"display_name":"administrator","author_link":"https:\/\/www.torrestir.com\/acores\/author\/administrator\/"},"uagb_comment_info":0,"uagb_excerpt":"[vc_row css=&#8221;.vc_custom_1449137312762{margin-bottom: 40px !important;}&#8221;][vc_column offset=&#8221;vc_col-lg-4 vc_col-md-4&#8243; css=&#8221;.vc_custom_1449137321169{margin-bottom: 40px !important;}&#8221;][vc_column_text] A sua encomenda onde, quando e como quiser [\/vc_column_text][\/vc_column][vc_column offset=&#8221;vc_col-lg-8 vc_col-md-8&#8243;][vc_column_text]Com mais de 60 anos de atividade, o Grupo Torrestir disponibiliza aos seus clientes...","_links":{"self":[{"href":"https:\/\/www.torrestir.com\/acores\/wp-json\/wp\/v2\/pages\/685"}],"collection":[{"href":"https:\/\/www.torrestir.com\/acores\/wp-json\/wp\/v2\/pages"}],"about":[{"href":"https:\/\/www.torrestir.com\/acores\/wp-json\/wp\/v2\/types\/page"}],"author":[{"embeddable":true,"href":"https:\/\/www.torrestir.com\/acores\/wp-json\/wp\/v2\/users\/1"}],"replies":[{"embeddable":true,"href":"https:\/\/www.torrestir.com\/acores\/wp-json\/wp\/v2\/comments?post=685"}],"version-history":[{"count":1,"href":"https:\/\/www.torrestir.com\/acores\/wp-json\/wp\/v2\/pages\/685\/revisions"}],"predecessor-version":[{"id":8467,"href":"https:\/\/www.torrestir.com\/acores\/wp-json\/wp\/v2\/pages\/685\/revisions\/8467"}],"wp:attachment":[{"href":"https:\/\/www.torrestir.com\/acores\/wp-json\/wp\/v2\/media?parent=685"}],"curies":[{"name":"wp","href":"https:\/\/api.w.org\/{rel}","templated":true}]}}