{"id":2853,"date":"2019-07-04T09:52:59","date_gmt":"2019-07-04T08:52:59","guid":{"rendered":"https:\/\/www.torrestir.com\/?page_id=2853"},"modified":"2019-07-04T09:52:59","modified_gmt":"2019-07-04T08:52:59","slug":"reclamacao","status":"publish","type":"page","link":"https:\/\/www.torrestir.com\/acores\/reclamacao\/","title":{"rendered":"Reclama\u00e7\u00e3o"},"content":{"rendered":"<section class=\"wpb-content-wrapper\"><p>[vc_row][vc_column][vc_empty_space][\/vc_column][\/vc_row][vc_row css=&#8221;.vc_custom_1449205477020{margin-bottom: 60px !important;}&#8221;][vc_column width=&#8221;1\/2&#8243;][vc_column_text]<\/p>\n<h2>Preencha o formul\u00e1rio com a sua reclama\u00e7\u00e3o<\/h2>\n<p class=\"product-item-brand\">Os nossos clientes s\u00e3o a nossa primazia. Manter a sua confian\u00e7a \u00e9 o nosso principal objetivo e trabalhamos diariamente nesse sentido. Estamos constantemente a inovar para oferecer em cada servi\u00e7o mais e melhor.<\/p>\n<p>[\/vc_column_text][\/vc_column][vc_column width=&#8221;1\/2&#8243;]\n<div class=\"wpcf7 no-js\" id=\"wpcf7-f2855-o1\" lang=\"en-US\" dir=\"ltr\">\n<div class=\"screen-reader-response\"><p role=\"status\" aria-live=\"polite\" aria-atomic=\"true\"><\/p> <ul><\/ul><\/div>\n<form action=\"\/acores\/wp-json\/wp\/v2\/pages\/2853#wpcf7-f2855-o1\" method=\"post\" class=\"wpcf7-form init\" aria-label=\"Contact form\" novalidate=\"novalidate\" data-status=\"init\">\n<div style=\"display: none;\">\n<input type=\"hidden\" name=\"_wpcf7\" value=\"2855\" \/>\n<input type=\"hidden\" name=\"_wpcf7_version\" value=\"5.7.7\" \/>\n<input type=\"hidden\" name=\"_wpcf7_locale\" value=\"en_US\" \/>\n<input type=\"hidden\" name=\"_wpcf7_unit_tag\" value=\"wpcf7-f2855-o1\" \/>\n<input type=\"hidden\" name=\"_wpcf7_container_post\" value=\"0\" \/>\n<input type=\"hidden\" name=\"_wpcf7_posted_data_hash\" value=\"\" \/>\n<input type=\"hidden\" name=\"_wpcf7dtx_version\" value=\"5.0.5\" \/>\n<\/div>\n<div class=\"contact_form\">\n<div class=\"row\">\n\n<div class=\"input-group\">\n<span class=\"wpcf7-form-control-wrap\" data-name=\"your-name\"><input size=\"40\" class=\"wpcf7-form-control wpcf7-text wpcf7-validates-as-required\" aria-required=\"true\" aria-invalid=\"false\" placeholder=\"Nome *\" value=\"\" type=\"text\" name=\"your-name\" \/><\/span>\n<\/div>\n<div class=\"input-group\">\n<span class=\"wpcf7-form-control-wrap\" data-name=\"your-email\"><input size=\"40\" class=\"wpcf7-form-control wpcf7-text wpcf7-email wpcf7-validates-as-required wpcf7-validates-as-email\" aria-required=\"true\" aria-invalid=\"false\" placeholder=\"E-mail *\" value=\"\" type=\"email\" name=\"your-email\" \/><\/span>\n<\/div>\n<div class=\"input-group\">\n<span class=\"wpcf7-form-control-wrap\" data-name=\"menu-548\"><select class=\"wpcf7-form-control wpcf7-select wpcf7-validates-as-required\" aria-required=\"true\" aria-invalid=\"false\" name=\"menu-548\"><option value=\"\">Escolher o servi\u00e7o<\/option><option value=\"Distribui\u00e7\u00e3o Nacional\">Distribui\u00e7\u00e3o Nacional<\/option><option value=\"Carga Completa\">Carga Completa<\/option><option value=\"Internacional Terrestre\">Internacional Terrestre<\/option><option value=\"Pharma\">Pharma<\/option><option value=\"Transporte Contentores\">Transporte Contentores<\/option><option value=\"Log\u00edstica\">Log\u00edstica<\/option><option value=\"A\u00e9reo &amp; Mar\u00edtimo\">A\u00e9reo &amp; Mar\u00edtimo<\/option><option value=\"Courier\">Courier<\/option><option value=\"Temperatura Controlada\">Temperatura Controlada<\/option><option value=\"Atividade Aduaneira\">Atividade Aduaneira<\/option><\/select><\/span>\n<\/div>\n[group group-184 clear_on_hide]\n<div class=\"input-group\">\n<div class=\"col-lg-6 col-md-6 col-sm-12 col-xs-12\">\n<span class=\"wpcf7-form-control-wrap\" data-name=\"nossa-ref\"><input size=\"40\" class=\"wpcf7-form-control wpcf7-text\" aria-invalid=\"false\" placeholder=\"Nossa Refer\u00eancia\" value=\"\" type=\"text\" name=\"nossa-ref\" \/><\/span>\n<\/div>\n<div class=\"col-lg-6 col-md-6 col-sm-12 col-xs-12\">\n<span class=\"wpcf7-form-control-wrap\" data-name=\"vossa-ref\"><input size=\"40\" class=\"wpcf7-form-control wpcf7-text wpcf7-validates-as-required\" aria-required=\"true\" aria-invalid=\"false\" placeholder=\"Vossa Refer\u00eancia\" value=\"\" type=\"text\" name=\"vossa-ref\" \/><\/span>\n<\/div>\n<\/div>\n[\/group]\n<\/div>\n<div class=\"row\">\n<div class=\"input-group\">\n<span class=\"wpcf7-form-control-wrap\" data-name=\"your-message\"><textarea cols=\"40\" rows=\"10\" class=\"wpcf7-form-control wpcf7-textarea wpcf7-validates-as-required\" aria-required=\"true\" aria-invalid=\"false\" placeholder=\"Reclama\u00e7\u00e3o *\" name=\"your-message\"><\/textarea><\/span>\n<\/div>\n<div class=\"col-lg-6 col-md-6 col-sm-12 col-xs-12 text-left\">\n<div class=\"input-group\">\n<span style=\"font-size: 8pt;\">Esta p\u00e1gina est\u00e1 protegida por reCAPTCHA e a <a href=\"https:\/\/policies.google.com\/privacy\" target=\"_blank\" rel=\"noopener noreferrer\">Pol\u00edtica de Privacidade<\/a> e os <a href=\"https:\/\/policies.google.com\/terms\" target=\"_blank\" rel=\"noopener noreferrer\">Termos de Servi\u00e7o<\/a> da Google s\u00e3o aplic\u00e1veis. Ao utilizar este formul\u00e1rio tamb\u00e9m estar\u00e1 a concordar com os nossos <a href=\"https:\/\/www.torrestir.com\/politica-privacidade\/\" target=\"_blank\" rel=\"noopener noreferrer\">termos e pol\u00edticas<\/a>.<\/span>\n<\/div>\n<\/div>\n<div class=\"col-lg-6 col-md-6 col-sm-12 col-xs-12 text-right\">\n<div class=\"input-group\">\n<button class=\"button icon_right size-sm theme-wpcf7-submit\">Enviar <i class=\"fa fa-arrow-right\"><\/i><\/button>\n<\/div>\n\n<\/div>\n<\/div>\n<\/div><div class=\"wpcf7-response-output\" aria-hidden=\"true\"><\/div>\n<\/form>\n<\/div>\n[\/vc_column][\/vc_row]<\/p>\n<\/section>","protected":false},"excerpt":{"rendered":"<p>[vc_row][vc_column][vc_empty_space][\/vc_column][\/vc_row][vc_row css=&#8221;.vc_custom_1449205477020{margin-bottom: 60px !important;}&#8221;][vc_column width=&#8221;1\/2&#8243;][vc_column_text] Preencha o formul\u00e1rio com a sua reclama\u00e7\u00e3o Os nossos clientes s\u00e3o a nossa primazia. Manter a sua confian\u00e7a \u00e9 o nosso principal objetivo e trabalhamos diariamente nesse sentido&#8230;.<\/p>\n","protected":false},"author":4,"featured_media":0,"parent":0,"menu_order":0,"comment_status":"closed","ping_status":"closed","template":"","meta":{"_uag_custom_page_level_css":""},"yoast_head":"<!-- This site is optimized with the Yoast SEO plugin v21.1 - https:\/\/yoast.com\/wordpress\/plugins\/seo\/ -->\n<title>Reclama\u00e7\u00e3o - Torrestir A\u00e7ores<\/title>\n<meta name=\"description\" content=\"Manter a confian\u00e7a dos nossos clientes \u00e9 o nosso principal objectivo. Envie-nos os seus pensamentos para tornar o nosso servi\u00e7o melhor e mais eficiente.\" \/>\n<meta name=\"robots\" content=\"index, follow, max-snippet:-1, max-image-preview:large, max-video-preview:-1\" \/>\n<link rel=\"canonical\" href=\"https:\/\/www.torrestir.com\/acores\/reclamacao\/\" \/>\n<meta property=\"og:locale\" content=\"pt_PT\" \/>\n<meta property=\"og:type\" content=\"article\" \/>\n<meta property=\"og:title\" content=\"Reclama\u00e7\u00e3o - Torrestir A\u00e7ores\" \/>\n<meta property=\"og:description\" content=\"Manter a confian\u00e7a dos nossos clientes \u00e9 o nosso principal objectivo. Envie-nos os seus pensamentos para tornar o nosso servi\u00e7o melhor e mais eficiente.\" \/>\n<meta property=\"og:url\" content=\"https:\/\/www.torrestir.com\/acores\/reclamacao\/\" \/>\n<meta property=\"og:site_name\" content=\"Torrestir A\u00e7ores\" \/>\n<meta name=\"twitter:card\" content=\"summary_large_image\" \/>\n<meta name=\"twitter:label1\" content=\"Est. reading time\" \/>\n\t<meta name=\"twitter:data1\" content=\"1 minuto\" \/>\n<script type=\"application\/ld+json\" class=\"yoast-schema-graph\">{\"@context\":\"https:\/\/schema.org\",\"@graph\":[{\"@type\":\"WebPage\",\"@id\":\"https:\/\/www.torrestir.com\/acores\/reclamacao\/\",\"url\":\"https:\/\/www.torrestir.com\/acores\/reclamacao\/\",\"name\":\"Reclama\u00e7\u00e3o - Torrestir A\u00e7ores\",\"isPartOf\":{\"@id\":\"https:\/\/www.torrestir.com\/acores\/#website\"},\"datePublished\":\"2019-07-04T08:52:59+00:00\",\"dateModified\":\"2019-07-04T08:52:59+00:00\",\"description\":\"Manter a confian\u00e7a dos nossos clientes \u00e9 o nosso principal objectivo. Envie-nos os seus pensamentos para tornar o nosso servi\u00e7o melhor e mais eficiente.\",\"breadcrumb\":{\"@id\":\"https:\/\/www.torrestir.com\/acores\/reclamacao\/#breadcrumb\"},\"inLanguage\":\"pt-PT\",\"potentialAction\":[{\"@type\":\"ReadAction\",\"target\":[\"https:\/\/www.torrestir.com\/acores\/reclamacao\/\"]}]},{\"@type\":\"BreadcrumbList\",\"@id\":\"https:\/\/www.torrestir.com\/acores\/reclamacao\/#breadcrumb\",\"itemListElement\":[{\"@type\":\"ListItem\",\"position\":1,\"name\":\"In\u00edcio\",\"item\":\"https:\/\/www.torrestir.com\/acores\/\"},{\"@type\":\"ListItem\",\"position\":2,\"name\":\"Reclama\u00e7\u00e3o\"}]},{\"@type\":\"WebSite\",\"@id\":\"https:\/\/www.torrestir.com\/acores\/#website\",\"url\":\"https:\/\/www.torrestir.com\/acores\/\",\"name\":\"Torrestir A\u00e7ores\",\"description\":\"Sem limites\",\"potentialAction\":[{\"@type\":\"SearchAction\",\"target\":{\"@type\":\"EntryPoint\",\"urlTemplate\":\"https:\/\/www.torrestir.com\/acores\/?s={search_term_string}\"},\"query-input\":\"required name=search_term_string\"}],\"inLanguage\":\"pt-PT\"}]}<\/script>\n<!-- \/ Yoast SEO plugin. -->","yoast_head_json":{"title":"Reclama\u00e7\u00e3o - Torrestir A\u00e7ores","description":"Manter a confian\u00e7a dos nossos clientes \u00e9 o nosso principal objectivo. Envie-nos os seus pensamentos para tornar o nosso servi\u00e7o melhor e mais eficiente.","robots":{"index":"index","follow":"follow","max-snippet":"max-snippet:-1","max-image-preview":"max-image-preview:large","max-video-preview":"max-video-preview:-1"},"canonical":"https:\/\/www.torrestir.com\/acores\/reclamacao\/","og_locale":"pt_PT","og_type":"article","og_title":"Reclama\u00e7\u00e3o - Torrestir A\u00e7ores","og_description":"Manter a confian\u00e7a dos nossos clientes \u00e9 o nosso principal objectivo. Envie-nos os seus pensamentos para tornar o nosso servi\u00e7o melhor e mais eficiente.","og_url":"https:\/\/www.torrestir.com\/acores\/reclamacao\/","og_site_name":"Torrestir A\u00e7ores","twitter_card":"summary_large_image","twitter_misc":{"Est. reading time":"1 minuto"},"schema":{"@context":"https:\/\/schema.org","@graph":[{"@type":"WebPage","@id":"https:\/\/www.torrestir.com\/acores\/reclamacao\/","url":"https:\/\/www.torrestir.com\/acores\/reclamacao\/","name":"Reclama\u00e7\u00e3o - Torrestir A\u00e7ores","isPartOf":{"@id":"https:\/\/www.torrestir.com\/acores\/#website"},"datePublished":"2019-07-04T08:52:59+00:00","dateModified":"2019-07-04T08:52:59+00:00","description":"Manter a confian\u00e7a dos nossos clientes \u00e9 o nosso principal objectivo. Envie-nos os seus pensamentos para tornar o nosso servi\u00e7o melhor e mais eficiente.","breadcrumb":{"@id":"https:\/\/www.torrestir.com\/acores\/reclamacao\/#breadcrumb"},"inLanguage":"pt-PT","potentialAction":[{"@type":"ReadAction","target":["https:\/\/www.torrestir.com\/acores\/reclamacao\/"]}]},{"@type":"BreadcrumbList","@id":"https:\/\/www.torrestir.com\/acores\/reclamacao\/#breadcrumb","itemListElement":[{"@type":"ListItem","position":1,"name":"In\u00edcio","item":"https:\/\/www.torrestir.com\/acores\/"},{"@type":"ListItem","position":2,"name":"Reclama\u00e7\u00e3o"}]},{"@type":"WebSite","@id":"https:\/\/www.torrestir.com\/acores\/#website","url":"https:\/\/www.torrestir.com\/acores\/","name":"Torrestir A\u00e7ores","description":"Sem limites","potentialAction":[{"@type":"SearchAction","target":{"@type":"EntryPoint","urlTemplate":"https:\/\/www.torrestir.com\/acores\/?s={search_term_string}"},"query-input":"required name=search_term_string"}],"inLanguage":"pt-PT"}]}},"uagb_featured_image_src":{"full":false,"thumbnail":false,"medium":false,"medium_large":false,"large":false,"timeline-express":false,"timeline-express-thumbnail":false,"1536x1536":false,"2048x2048":false,"transcargo-image-255x170-croped":false,"transcargo-image-270x330-croped":false,"transcargo_image-600x377-croped":false,"transcargo_image-350x230-croped":false,"transcargo_image-130x130-croped":false,"transcargo_image-40x40-croped":false,"transcargo_image-1600x1024":false},"uagb_author_info":{"display_name":"","author_link":"https:\/\/www.torrestir.com\/acores\/author\/"},"uagb_comment_info":0,"uagb_excerpt":"[vc_row][vc_column][vc_empty_space][\/vc_column][\/vc_row][vc_row css=&#8221;.vc_custom_1449205477020{margin-bottom: 60px !important;}&#8221;][vc_column width=&#8221;1\/2&#8243;][vc_column_text] Preencha o formul\u00e1rio com a sua reclama\u00e7\u00e3o Os nossos clientes s\u00e3o a nossa primazia. Manter a sua confian\u00e7a \u00e9 o nosso principal objetivo e trabalhamos diariamente nesse sentido....","_links":{"self":[{"href":"https:\/\/www.torrestir.com\/acores\/wp-json\/wp\/v2\/pages\/2853"}],"collection":[{"href":"https:\/\/www.torrestir.com\/acores\/wp-json\/wp\/v2\/pages"}],"about":[{"href":"https:\/\/www.torrestir.com\/acores\/wp-json\/wp\/v2\/types\/page"}],"author":[{"embeddable":true,"href":"https:\/\/www.torrestir.com\/acores\/wp-json\/wp\/v2\/users\/4"}],"replies":[{"embeddable":true,"href":"https:\/\/www.torrestir.com\/acores\/wp-json\/wp\/v2\/comments?post=2853"}],"version-history":[{"count":0,"href":"https:\/\/www.torrestir.com\/acores\/wp-json\/wp\/v2\/pages\/2853\/revisions"}],"wp:attachment":[{"href":"https:\/\/www.torrestir.com\/acores\/wp-json\/wp\/v2\/media?parent=2853"}],"curies":[{"name":"wp","href":"https:\/\/api.w.org\/{rel}","templated":true}]}}